{"id":91,"date":"2023-12-07T21:28:44","date_gmt":"2023-12-07T19:28:44","guid":{"rendered":"https:\/\/www.smilla-designs.de\/?page_id=91"},"modified":"2023-12-20T14:51:44","modified_gmt":"2023-12-20T12:51:44","slug":"ueber-mich","status":"publish","type":"page","link":"https:\/\/www.smilla-designs.de\/?page_id=91","title":{"rendered":"\u00dcber mich:"},"content":{"rendered":"\n<div style=\"height:191px\" aria-hidden=\"true\" class=\"wp-block-spacer\"><\/div>\n\n\n\n<p>Das bin Ich : )<\/p>\n\n\n\n<div class=\"wp-block-columns alignwide is-layout-flex wp-container-core-columns-is-layout-28f84493 wp-block-columns-is-layout-flex\">\n<div class=\"wp-block-column is-vertically-aligned-center is-layout-flow wp-block-column-is-layout-flow\" style=\"flex-basis:66.66%\">\n<figure class=\"wp-block-image aligncenter size-large is-resized\"><img loading=\"lazy\" decoding=\"async\" width=\"1084\" height=\"1444\" src=\"https:\/\/www.smilla-designs.de\/wordpress\/wp-content\/uploads\/2023\/12\/IMG_8534-edited.jpeg\" alt=\"\" class=\"wp-image-472\" style=\"width:505px;height:auto\" srcset=\"https:\/\/www.smilla-designs.de\/wordpress\/wp-content\/uploads\/2023\/12\/IMG_8534-edited.jpeg 1084w, https:\/\/www.smilla-designs.de\/wordpress\/wp-content\/uploads\/2023\/12\/IMG_8534-edited-225x300.jpeg 225w, https:\/\/www.smilla-designs.de\/wordpress\/wp-content\/uploads\/2023\/12\/IMG_8534-edited-769x1024.jpeg 769w, https:\/\/www.smilla-designs.de\/wordpress\/wp-content\/uploads\/2023\/12\/IMG_8534-edited-768x1023.jpeg 768w\" sizes=\"auto, (max-width: 1084px) 100vw, 1084px\" \/><\/figure>\n<\/div>\n\n\n\n<div class=\"wp-block-column is-layout-flow wp-block-column-is-layout-flow\" style=\"flex-basis:33.33%\">\n<p>Meine Motivation:<\/p>\n\n\n\n<p>Kreativit\u00e4t und das Gestalten sind f\u00fcr mich seit meiner Kindheit nicht aus dem Alltag wegzudenken. Es bereitet mir gro\u00dfe Freude, mit den unz\u00e4hligen M\u00f6glichkeiten an Farben, Formen und Materialien in Schrift und Gestaltung zu experimentieren und zu sehen, welche Reaktion das Resultat bei den Betrachtern ausl\u00f6st. Ich liebe es, kontroverse Themen k\u00fcnstlerisch aufzugreifen und dabei auch stigmatisierte Begriffe wie &#8222;Sch\u00f6nheit&#8220; oder &#8222;Harmonie&#8220; zu hinterfragen bzw. neu zu interpretieren.<\/p>\n\n\n\n<p>Design ist f\u00fcr mich dabei ein unglaublich wichtiges Mittel um etwas mitzuteilen, die Sicht auf bestimmte Dinge zu zeigen, Gedanken und Gef\u00fchle auszudr\u00fccken und zu informieren.<\/p>\n\n\n\n<p>Design macht meiner Meinung nach das Leben Spannender, Sch\u00f6ner und insgesamt Lebenswerter. <\/p>\n<\/div>\n<\/div>\n\n\n\n<div style=\"height:134px\" aria-hidden=\"true\" class=\"wp-block-spacer\"><\/div>\n\n\n\n<h2 class=\"wp-block-heading alignwide\">Schulische Ausbildung:<\/h2>\n\n\n\n<div class=\"wp-block-columns alignwide is-layout-flex wp-container-core-columns-is-layout-28f84493 wp-block-columns-is-layout-flex\">\n<div class=\"wp-block-column is-layout-flow wp-block-column-is-layout-flow\" style=\"flex-basis:33.33%\">\n<p>09\/2007-08\/2010<\/p>\n\n\n\n<p>09\/2010-07\/2019<\/p>\n\n\n\n<p>10\/2021 &#8211;<br>voraussichtl. 07\/2025<\/p>\n<\/div>\n\n\n\n<div class=\"wp-block-column is-layout-flow wp-block-column-is-layout-flow\" style=\"flex-basis:66.66%\">\n<p>Grundschule: Johannes Kepler Schule in Magstadt<\/p>\n\n\n\n<p>Abitur: Gymnasium Unterrieden in Sindelfingen (Leistungskurse: Mathe, Deutsch, Englisch, Kunst<\/p>\n\n\n\n<p>Studium im Bereich Visuelle Kommunikation an der Hochschule Pforzheim, Fakult\u00e4t f\u00fcr Gestaltung<\/p>\n<\/div>\n<\/div>\n\n\n\n<div style=\"height:100px\" aria-hidden=\"true\" class=\"wp-block-spacer\"><\/div>\n\n\n\n<h2 class=\"wp-block-heading alignwide\">Berufliche Erfahrung:<\/h2>\n\n\n\n<div class=\"wp-block-columns alignwide is-layout-flex wp-container-core-columns-is-layout-28f84493 wp-block-columns-is-layout-flex\">\n<div class=\"wp-block-column is-layout-flow wp-block-column-is-layout-flow\" style=\"flex-basis:33.33%\">\n<p>03\/2020 &#8211; aktuell<\/p>\n\n\n\n<p>08\/2021 &#8211; aktuell<\/p>\n<\/div>\n\n\n\n<div class=\"wp-block-column is-layout-flow wp-block-column-is-layout-flow\" style=\"flex-basis:66.66%\">\n<p>Nebenjob: Servicekraft bei Morgenthaler 2nd hand und Caf\u00e9 in Sch\u00f6naich<\/p>\n\n\n\n<p>Nebenjob: Servicekraft bei O\u00b4Leary und Morgenthaler GbR im Irish Pub B\u00f6blingen<\/p>\n<\/div>\n<\/div>\n\n\n\n<div style=\"height:100px\" aria-hidden=\"true\" class=\"wp-block-spacer\"><\/div>\n\n\n\n<h2 class=\"wp-block-heading alignwide\">Skills &amp; Interessen:<\/h2>\n\n\n\n<p><\/p>\n\n\n\n<div class=\"wp-block-columns alignwide is-layout-flex wp-container-core-columns-is-layout-28f84493 wp-block-columns-is-layout-flex\">\n<div class=\"wp-block-column is-layout-flow wp-block-column-is-layout-flow\">\n<p>Adobe Software<\/p>\n<\/div>\n\n\n\n<div class=\"wp-block-column is-layout-flow wp-block-column-is-layout-flow\">\n<p>Indesign<\/p>\n\n\n\n<p>Illustrator<\/p>\n\n\n\n<p>Photoshop<\/p>\n\n\n\n<p>After Effects<\/p>\n\n\n\n<p>Animate<\/p>\n\n\n\n<p>PremierePro<\/p>\n<\/div>\n\n\n\n<div class=\"wp-block-column is-layout-flow wp-block-column-is-layout-flow\">\n<figure class=\"wp-block-image size-large is-resized\"><img loading=\"lazy\" decoding=\"async\" width=\"571\" height=\"1024\" src=\"https:\/\/www.smilla-designs.de\/wordpress\/wp-content\/uploads\/2023\/12\/IMG_8405-1-571x1024.png\" alt=\"\" class=\"wp-image-106\" style=\"width:157px;height:auto\" srcset=\"https:\/\/www.smilla-designs.de\/wordpress\/wp-content\/uploads\/2023\/12\/IMG_8405-1-571x1024.png 571w, https:\/\/www.smilla-designs.de\/wordpress\/wp-content\/uploads\/2023\/12\/IMG_8405-1-167x300.png 167w, https:\/\/www.smilla-designs.de\/wordpress\/wp-content\/uploads\/2023\/12\/IMG_8405-1.png 620w\" sizes=\"auto, (max-width: 571px) 100vw, 571px\" \/><\/figure>\n<\/div>\n<\/div>\n\n\n\n<div style=\"height:44px\" aria-hidden=\"true\" class=\"wp-block-spacer\"><\/div>\n\n\n\n<div class=\"wp-block-columns alignwide is-layout-flex wp-container-core-columns-is-layout-28f84493 wp-block-columns-is-layout-flex\">\n<div class=\"wp-block-column is-layout-flow wp-block-column-is-layout-flow\" style=\"flex-basis:33.33%\">\n<p>Sonstige Software<\/p>\n<\/div>\n\n\n\n<div class=\"wp-block-column is-layout-flow wp-block-column-is-layout-flow\" style=\"flex-basis:66.66%\">\n<p>Procreate, IbisXpaint, Figma, Artivive, Stop Motion Studio<\/p>\n<\/div>\n<\/div>\n\n\n\n<div style=\"height:51px\" aria-hidden=\"true\" class=\"wp-block-spacer\"><\/div>\n\n\n\n<div class=\"wp-block-columns alignwide is-layout-flex wp-container-core-columns-is-layout-28f84493 wp-block-columns-is-layout-flex\">\n<div class=\"wp-block-column is-layout-flow wp-block-column-is-layout-flow\" style=\"flex-basis:33.33%\">\n<p>Fremdsprachen<\/p>\n<\/div>\n\n\n\n<div class=\"wp-block-column is-layout-flow wp-block-column-is-layout-flow\" style=\"flex-basis:66.66%\">\n<p>Deutsch flie\u00dfend (Muttersprache)<\/p>\n\n\n\n<p>Englisch flie\u00dfend (Level C1)<\/p>\n\n\n\n<p>Gro\u00dfes Latinum<\/p>\n<\/div>\n<\/div>\n\n\n\n<div style=\"height:49px\" aria-hidden=\"true\" class=\"wp-block-spacer\"><\/div>\n\n\n\n<div class=\"wp-block-columns alignwide is-layout-flex wp-container-core-columns-is-layout-28f84493 wp-block-columns-is-layout-flex\">\n<div class=\"wp-block-column is-layout-flow wp-block-column-is-layout-flow\" style=\"flex-basis:33.33%\">\n<p>Hobbys<\/p>\n<\/div>\n\n\n\n<div class=\"wp-block-column is-layout-flow wp-block-column-is-layout-flow\" style=\"flex-basis:66.66%\">\n<p>Gitarre spielen, Videospiele, Musik, Kunstrad<\/p>\n<\/div>\n<\/div>\n","protected":false},"excerpt":{"rendered":"<p>Das bin Ich : ) Meine Motivation: Kreativit\u00e4t und das Gestalten sind f\u00fcr mich seit meiner Kindheit nicht aus dem Alltag wegzudenken. Es bereitet mir gro\u00dfe Freude, mit den unz\u00e4hligen M\u00f6glichkeiten an Farben, Formen und Materialien in Schrift und Gestaltung zu experimentieren und zu sehen, welche Reaktion das Resultat bei den Betrachtern ausl\u00f6st. Ich liebe [&hellip;]<\/p>\n","protected":false},"author":1,"featured_media":0,"parent":0,"menu_order":0,"comment_status":"closed","ping_status":"closed","template":"","meta":{"footnotes":""},"class_list":["post-91","page","type-page","status-publish","hentry"],"_links":{"self":[{"href":"https:\/\/www.smilla-designs.de\/index.php?rest_route=\/wp\/v2\/pages\/91","targetHints":{"allow":["GET"]}}],"collection":[{"href":"https:\/\/www.smilla-designs.de\/index.php?rest_route=\/wp\/v2\/pages"}],"about":[{"href":"https:\/\/www.smilla-designs.de\/index.php?rest_route=\/wp\/v2\/types\/page"}],"author":[{"embeddable":true,"href":"https:\/\/www.smilla-designs.de\/index.php?rest_route=\/wp\/v2\/users\/1"}],"replies":[{"embeddable":true,"href":"https:\/\/www.smilla-designs.de\/index.php?rest_route=%2Fwp%2Fv2%2Fcomments&post=91"}],"version-history":[{"count":12,"href":"https:\/\/www.smilla-designs.de\/index.php?rest_route=\/wp\/v2\/pages\/91\/revisions"}],"predecessor-version":[{"id":474,"href":"https:\/\/www.smilla-designs.de\/index.php?rest_route=\/wp\/v2\/pages\/91\/revisions\/474"}],"wp:attachment":[{"href":"https:\/\/www.smilla-designs.de\/index.php?rest_route=%2Fwp%2Fv2%2Fmedia&parent=91"}],"curies":[{"name":"wp","href":"https:\/\/api.w.org\/{rel}","templated":true}]}}