{"id":156,"date":"2023-12-07T20:23:24","date_gmt":"2023-12-07T18:23:24","guid":{"rendered":"https:\/\/www.smilla-designs.de\/?page_id=156"},"modified":"2023-12-08T17:00:09","modified_gmt":"2023-12-08T15:00:09","slug":"social-media","status":"publish","type":"page","link":"https:\/\/www.smilla-designs.de\/?page_id=156","title":{"rendered":"Social Media"},"content":{"rendered":"\n<h2 class=\"wp-block-heading alignwide\">Social Media<\/h2>\n\n\n\n<p>Neugestaltung des Instagram Accounts des O\u00b4Donovans Irish Pubs in B\u00f6blingen.<\/p>\n\n\n\n<p>Gestaltung des Layouts und einf\u00fchrung eines einheitlichen Designs welches die Farbigkeit der Location wiederspiegelt.                                                                                                                                Hierbei wurden w\u00f6chentliche Posts eingef\u00fchrt, die dem Kunden das Innenleben des Pubs n\u00e4her bringen, ihn \u00fcber anstehende Events und regelm\u00e4\u00dfige Veranstaltungen auf dem laufenden halten und \u00fcber Getr\u00e4nke informieren.<\/p>\n\n\n\n<div style=\"height:34px\" aria-hidden=\"true\" class=\"wp-block-spacer\"><\/div>\n\n\n\n<div class=\"wp-block-buttons is-layout-flex wp-block-buttons-is-layout-flex\">\n<div class=\"wp-block-button is-style-outline is-style-outline--1\"><a class=\"wp-block-button__link wp-element-button\" href=\"https:\/\/www.instagram.com\/odonovansirishpub\/?hl=de\">Hiere gehts zum Instagram Account!<\/a><\/div>\n<\/div>\n\n\n\n<h2 class=\"wp-block-heading alignwide\">Neue Getr\u00e4nke<\/h2>\n\n\n\n<div class=\"wp-block-columns alignwide is-layout-flex wp-container-core-columns-is-layout-28f84493 wp-block-columns-is-layout-flex\">\n<div class=\"wp-block-column is-layout-flow wp-block-column-is-layout-flow\">\n<figure class=\"wp-block-image size-large\"><img loading=\"lazy\" decoding=\"async\" width=\"819\" height=\"1024\" src=\"https:\/\/www.smilla-designs.de\/wordpress\/wp-content\/uploads\/2023\/12\/IMG_7860-819x1024.png\" alt=\"\" class=\"wp-image-407\" srcset=\"https:\/\/www.smilla-designs.de\/wordpress\/wp-content\/uploads\/2023\/12\/IMG_7860-819x1024.png 819w, https:\/\/www.smilla-designs.de\/wordpress\/wp-content\/uploads\/2023\/12\/IMG_7860-240x300.png 240w, https:\/\/www.smilla-designs.de\/wordpress\/wp-content\/uploads\/2023\/12\/IMG_7860-768x960.png 768w, https:\/\/www.smilla-designs.de\/wordpress\/wp-content\/uploads\/2023\/12\/IMG_7860.png 1080w\" sizes=\"auto, (max-width: 819px) 100vw, 819px\" \/><\/figure>\n<\/div>\n\n\n\n<div class=\"wp-block-column is-layout-flow wp-block-column-is-layout-flow\">\n<figure class=\"wp-block-image size-large\"><img loading=\"lazy\" decoding=\"async\" width=\"819\" height=\"1024\" src=\"https:\/\/www.smilla-designs.de\/wordpress\/wp-content\/uploads\/2023\/12\/IMG_7861-819x1024.png\" alt=\"\" class=\"wp-image-408\" srcset=\"https:\/\/www.smilla-designs.de\/wordpress\/wp-content\/uploads\/2023\/12\/IMG_7861-819x1024.png 819w, https:\/\/www.smilla-designs.de\/wordpress\/wp-content\/uploads\/2023\/12\/IMG_7861-240x300.png 240w, https:\/\/www.smilla-designs.de\/wordpress\/wp-content\/uploads\/2023\/12\/IMG_7861-768x960.png 768w, https:\/\/www.smilla-designs.de\/wordpress\/wp-content\/uploads\/2023\/12\/IMG_7861.png 1080w\" sizes=\"auto, (max-width: 819px) 100vw, 819px\" \/><\/figure>\n<\/div>\n<\/div>\n\n\n\n<div style=\"height:58px\" aria-hidden=\"true\" class=\"wp-block-spacer\"><\/div>\n\n\n\n<h2 class=\"wp-block-heading alignwide\">Pub Quiz<\/h2>\n\n\n\n<div class=\"wp-block-columns alignwide is-layout-flex wp-container-core-columns-is-layout-28f84493 wp-block-columns-is-layout-flex\">\n<div class=\"wp-block-column is-layout-flow wp-block-column-is-layout-flow\">\n<figure class=\"wp-block-image size-large\"><img loading=\"lazy\" decoding=\"async\" width=\"819\" height=\"1024\" src=\"https:\/\/www.smilla-designs.de\/wordpress\/wp-content\/uploads\/2023\/12\/IMG_8421-819x1024.png\" alt=\"\" class=\"wp-image-410\" srcset=\"https:\/\/www.smilla-designs.de\/wordpress\/wp-content\/uploads\/2023\/12\/IMG_8421-819x1024.png 819w, https:\/\/www.smilla-designs.de\/wordpress\/wp-content\/uploads\/2023\/12\/IMG_8421-240x300.png 240w, https:\/\/www.smilla-designs.de\/wordpress\/wp-content\/uploads\/2023\/12\/IMG_8421-768x960.png 768w, https:\/\/www.smilla-designs.de\/wordpress\/wp-content\/uploads\/2023\/12\/IMG_8421.png 1080w\" sizes=\"auto, (max-width: 819px) 100vw, 819px\" \/><\/figure>\n<\/div>\n\n\n\n<div class=\"wp-block-column is-layout-flow wp-block-column-is-layout-flow\">\n<figure class=\"wp-block-image size-large\"><img loading=\"lazy\" decoding=\"async\" width=\"819\" height=\"1024\" src=\"https:\/\/www.smilla-designs.de\/wordpress\/wp-content\/uploads\/2023\/12\/IMG_8422-819x1024.png\" alt=\"\" class=\"wp-image-411\" srcset=\"https:\/\/www.smilla-designs.de\/wordpress\/wp-content\/uploads\/2023\/12\/IMG_8422-819x1024.png 819w, https:\/\/www.smilla-designs.de\/wordpress\/wp-content\/uploads\/2023\/12\/IMG_8422-240x300.png 240w, https:\/\/www.smilla-designs.de\/wordpress\/wp-content\/uploads\/2023\/12\/IMG_8422-768x960.png 768w, https:\/\/www.smilla-designs.de\/wordpress\/wp-content\/uploads\/2023\/12\/IMG_8422.png 1080w\" sizes=\"auto, (max-width: 819px) 100vw, 819px\" \/><\/figure>\n<\/div>\n<\/div>\n\n\n\n<div style=\"height:68px\" aria-hidden=\"true\" class=\"wp-block-spacer\"><\/div>\n\n\n\n<h2 class=\"wp-block-heading alignwide\">Drink of the week<\/h2>\n\n\n\n<figure class=\"wp-block-gallery has-nested-images columns-default is-cropped wp-block-gallery-2 is-layout-flex wp-block-gallery-is-layout-flex\">\n<figure class=\"wp-block-image size-large\"><img loading=\"lazy\" decoding=\"async\" width=\"819\" height=\"1024\" data-id=\"415\" src=\"https:\/\/www.smilla-designs.de\/wordpress\/wp-content\/uploads\/2023\/12\/IMG_8267-819x1024.png\" alt=\"\" class=\"wp-image-415\" srcset=\"https:\/\/www.smilla-designs.de\/wordpress\/wp-content\/uploads\/2023\/12\/IMG_8267-819x1024.png 819w, https:\/\/www.smilla-designs.de\/wordpress\/wp-content\/uploads\/2023\/12\/IMG_8267-240x300.png 240w, https:\/\/www.smilla-designs.de\/wordpress\/wp-content\/uploads\/2023\/12\/IMG_8267-768x960.png 768w, https:\/\/www.smilla-designs.de\/wordpress\/wp-content\/uploads\/2023\/12\/IMG_8267.png 1080w\" sizes=\"auto, (max-width: 819px) 100vw, 819px\" \/><\/figure>\n\n\n\n<figure class=\"wp-block-image size-large\"><img loading=\"lazy\" decoding=\"async\" width=\"819\" height=\"1024\" data-id=\"413\" src=\"https:\/\/www.smilla-designs.de\/wordpress\/wp-content\/uploads\/2023\/12\/IMG_8268-819x1024.png\" alt=\"\" class=\"wp-image-413\" srcset=\"https:\/\/www.smilla-designs.de\/wordpress\/wp-content\/uploads\/2023\/12\/IMG_8268-819x1024.png 819w, https:\/\/www.smilla-designs.de\/wordpress\/wp-content\/uploads\/2023\/12\/IMG_8268-240x300.png 240w, https:\/\/www.smilla-designs.de\/wordpress\/wp-content\/uploads\/2023\/12\/IMG_8268-768x960.png 768w, https:\/\/www.smilla-designs.de\/wordpress\/wp-content\/uploads\/2023\/12\/IMG_8268.png 1080w\" sizes=\"auto, (max-width: 819px) 100vw, 819px\" \/><\/figure>\n\n\n\n<figure class=\"wp-block-image size-large\"><img loading=\"lazy\" decoding=\"async\" width=\"819\" height=\"1024\" data-id=\"416\" src=\"https:\/\/www.smilla-designs.de\/wordpress\/wp-content\/uploads\/2023\/12\/IMG_8410-819x1024.png\" alt=\"\" class=\"wp-image-416\" srcset=\"https:\/\/www.smilla-designs.de\/wordpress\/wp-content\/uploads\/2023\/12\/IMG_8410-819x1024.png 819w, https:\/\/www.smilla-designs.de\/wordpress\/wp-content\/uploads\/2023\/12\/IMG_8410-240x300.png 240w, https:\/\/www.smilla-designs.de\/wordpress\/wp-content\/uploads\/2023\/12\/IMG_8410-768x960.png 768w, https:\/\/www.smilla-designs.de\/wordpress\/wp-content\/uploads\/2023\/12\/IMG_8410.png 1080w\" sizes=\"auto, (max-width: 819px) 100vw, 819px\" \/><\/figure>\n\n\n\n<figure class=\"wp-block-image size-large\"><img loading=\"lazy\" decoding=\"async\" width=\"819\" height=\"1024\" data-id=\"417\" src=\"https:\/\/www.smilla-designs.de\/wordpress\/wp-content\/uploads\/2023\/12\/IMG_7934-1-819x1024.png\" alt=\"\" class=\"wp-image-417\" srcset=\"https:\/\/www.smilla-designs.de\/wordpress\/wp-content\/uploads\/2023\/12\/IMG_7934-1-819x1024.png 819w, https:\/\/www.smilla-designs.de\/wordpress\/wp-content\/uploads\/2023\/12\/IMG_7934-1-240x300.png 240w, https:\/\/www.smilla-designs.de\/wordpress\/wp-content\/uploads\/2023\/12\/IMG_7934-1-768x960.png 768w, https:\/\/www.smilla-designs.de\/wordpress\/wp-content\/uploads\/2023\/12\/IMG_7934-1.png 1080w\" sizes=\"auto, (max-width: 819px) 100vw, 819px\" \/><\/figure>\n\n\n\n<figure class=\"wp-block-image size-large\"><img loading=\"lazy\" decoding=\"async\" width=\"819\" height=\"1024\" data-id=\"414\" src=\"https:\/\/www.smilla-designs.de\/wordpress\/wp-content\/uploads\/2023\/12\/IMG_8411-819x1024.png\" alt=\"\" class=\"wp-image-414\" srcset=\"https:\/\/www.smilla-designs.de\/wordpress\/wp-content\/uploads\/2023\/12\/IMG_8411-819x1024.png 819w, https:\/\/www.smilla-designs.de\/wordpress\/wp-content\/uploads\/2023\/12\/IMG_8411-240x300.png 240w, https:\/\/www.smilla-designs.de\/wordpress\/wp-content\/uploads\/2023\/12\/IMG_8411-768x960.png 768w, https:\/\/www.smilla-designs.de\/wordpress\/wp-content\/uploads\/2023\/12\/IMG_8411.png 1080w\" sizes=\"auto, (max-width: 819px) 100vw, 819px\" \/><\/figure>\n<\/figure>\n\n\n\n<div style=\"height:38px\" aria-hidden=\"true\" class=\"wp-block-spacer\"><\/div>\n\n\n\n<h2 class=\"wp-block-heading alignwide\">Pub Inventar<\/h2>\n\n\n\n<figure class=\"wp-block-gallery has-nested-images columns-default is-cropped wp-block-gallery-3 is-layout-flex wp-block-gallery-is-layout-flex\">\n<figure class=\"wp-block-image size-large\"><img loading=\"lazy\" decoding=\"async\" width=\"819\" height=\"1024\" data-id=\"422\" src=\"https:\/\/www.smilla-designs.de\/wordpress\/wp-content\/uploads\/2023\/12\/pub1-819x1024.png\" alt=\"\" class=\"wp-image-422\" srcset=\"https:\/\/www.smilla-designs.de\/wordpress\/wp-content\/uploads\/2023\/12\/pub1-819x1024.png 819w, https:\/\/www.smilla-designs.de\/wordpress\/wp-content\/uploads\/2023\/12\/pub1-240x300.png 240w, https:\/\/www.smilla-designs.de\/wordpress\/wp-content\/uploads\/2023\/12\/pub1-768x960.png 768w, https:\/\/www.smilla-designs.de\/wordpress\/wp-content\/uploads\/2023\/12\/pub1.png 1080w\" sizes=\"auto, (max-width: 819px) 100vw, 819px\" \/><\/figure>\n\n\n\n<figure class=\"wp-block-image size-large\"><img loading=\"lazy\" decoding=\"async\" width=\"819\" height=\"1024\" data-id=\"420\" src=\"https:\/\/www.smilla-designs.de\/wordpress\/wp-content\/uploads\/2023\/12\/pub3-819x1024.png\" alt=\"\" class=\"wp-image-420\" srcset=\"https:\/\/www.smilla-designs.de\/wordpress\/wp-content\/uploads\/2023\/12\/pub3-819x1024.png 819w, https:\/\/www.smilla-designs.de\/wordpress\/wp-content\/uploads\/2023\/12\/pub3-240x300.png 240w, https:\/\/www.smilla-designs.de\/wordpress\/wp-content\/uploads\/2023\/12\/pub3-768x960.png 768w, https:\/\/www.smilla-designs.de\/wordpress\/wp-content\/uploads\/2023\/12\/pub3.png 1080w\" sizes=\"auto, (max-width: 819px) 100vw, 819px\" \/><\/figure>\n\n\n\n<figure class=\"wp-block-image size-large\"><img loading=\"lazy\" decoding=\"async\" width=\"819\" height=\"1024\" data-id=\"421\" src=\"https:\/\/www.smilla-designs.de\/wordpress\/wp-content\/uploads\/2023\/12\/pub5-819x1024.png\" alt=\"\" class=\"wp-image-421\" srcset=\"https:\/\/www.smilla-designs.de\/wordpress\/wp-content\/uploads\/2023\/12\/pub5-819x1024.png 819w, https:\/\/www.smilla-designs.de\/wordpress\/wp-content\/uploads\/2023\/12\/pub5-240x300.png 240w, https:\/\/www.smilla-designs.de\/wordpress\/wp-content\/uploads\/2023\/12\/pub5-768x960.png 768w, https:\/\/www.smilla-designs.de\/wordpress\/wp-content\/uploads\/2023\/12\/pub5.png 1080w\" sizes=\"auto, (max-width: 819px) 100vw, 819px\" \/><\/figure>\n\n\n\n<figure class=\"wp-block-image size-large\"><img loading=\"lazy\" decoding=\"async\" width=\"819\" height=\"1024\" data-id=\"418\" src=\"https:\/\/www.smilla-designs.de\/wordpress\/wp-content\/uploads\/2023\/12\/pub4-819x1024.png\" alt=\"\" class=\"wp-image-418\" srcset=\"https:\/\/www.smilla-designs.de\/wordpress\/wp-content\/uploads\/2023\/12\/pub4-819x1024.png 819w, https:\/\/www.smilla-designs.de\/wordpress\/wp-content\/uploads\/2023\/12\/pub4-240x300.png 240w, https:\/\/www.smilla-designs.de\/wordpress\/wp-content\/uploads\/2023\/12\/pub4-768x960.png 768w, https:\/\/www.smilla-designs.de\/wordpress\/wp-content\/uploads\/2023\/12\/pub4.png 1080w\" sizes=\"auto, (max-width: 819px) 100vw, 819px\" \/><\/figure>\n\n\n\n<figure class=\"wp-block-image size-large\"><img loading=\"lazy\" decoding=\"async\" width=\"819\" height=\"1024\" data-id=\"419\" src=\"https:\/\/www.smilla-designs.de\/wordpress\/wp-content\/uploads\/2023\/12\/pub2-819x1024.png\" alt=\"\" class=\"wp-image-419\" srcset=\"https:\/\/www.smilla-designs.de\/wordpress\/wp-content\/uploads\/2023\/12\/pub2-819x1024.png 819w, https:\/\/www.smilla-designs.de\/wordpress\/wp-content\/uploads\/2023\/12\/pub2-240x300.png 240w, https:\/\/www.smilla-designs.de\/wordpress\/wp-content\/uploads\/2023\/12\/pub2-768x960.png 768w, https:\/\/www.smilla-designs.de\/wordpress\/wp-content\/uploads\/2023\/12\/pub2.png 1080w\" sizes=\"auto, (max-width: 819px) 100vw, 819px\" \/><\/figure>\n<\/figure>\n\n\n\n<div style=\"height:55px\" aria-hidden=\"true\" class=\"wp-block-spacer\"><\/div>\n\n\n\n<h2 class=\"wp-block-heading alignwide\">Kommende Veranstaltungen<\/h2>\n\n\n\n<div style=\"height:40px\" aria-hidden=\"true\" class=\"wp-block-spacer\"><\/div>\n\n\n\n<div class=\"wp-block-columns alignwide is-layout-flex wp-container-core-columns-is-layout-28f84493 wp-block-columns-is-layout-flex\">\n<div class=\"wp-block-column is-layout-flow wp-block-column-is-layout-flow\">\n<figure class=\"wp-block-video\"><video height=\"1360\" style=\"aspect-ratio: 1088 \/ 1360;\" width=\"1088\" controls src=\"https:\/\/www.smilla-designs.de\/wordpress\/wp-content\/uploads\/2023\/12\/Unbenanntes_Projekt-2.mp4\"><\/video><\/figure>\n<\/div>\n\n\n\n<div class=\"wp-block-column is-layout-flow wp-block-column-is-layout-flow\">\n<figure class=\"wp-block-video aligncenter\"><video height=\"1360\" style=\"aspect-ratio: 1088 \/ 1360;\" width=\"1088\" controls src=\"https:\/\/www.smilla-designs.de\/wordpress\/wp-content\/uploads\/2023\/12\/Unbenanntes_Projekt-1.mp4\"><\/video><\/figure>\n<\/div>\n\n\n\n<div class=\"wp-block-column is-layout-flow wp-block-column-is-layout-flow\">\n<figure class=\"wp-block-video aligncenter\"><video height=\"2700\" style=\"aspect-ratio: 2160 \/ 2700;\" width=\"2160\" controls src=\"https:\/\/www.smilla-designs.de\/wordpress\/wp-content\/uploads\/2023\/12\/Unbenanntes_Projekt.mp4\"><\/video><\/figure>\n<\/div>\n<\/div>\n","protected":false},"excerpt":{"rendered":"<p>Social Media Neugestaltung des Instagram Accounts des O\u00b4Donovans Irish Pubs in B\u00f6blingen. Gestaltung des Layouts und einf\u00fchrung eines einheitlichen Designs welches die Farbigkeit der Location wiederspiegelt. Hierbei wurden w\u00f6chentliche Posts eingef\u00fchrt, die dem Kunden das Innenleben des Pubs n\u00e4her bringen, ihn \u00fcber anstehende Events und regelm\u00e4\u00dfige Veranstaltungen auf dem laufenden halten und \u00fcber Getr\u00e4nke informieren. [&hellip;]<\/p>\n","protected":false},"author":1,"featured_media":0,"parent":0,"menu_order":0,"comment_status":"closed","ping_status":"closed","template":"","meta":{"footnotes":""},"class_list":["post-156","page","type-page","status-publish","hentry"],"_links":{"self":[{"href":"https:\/\/www.smilla-designs.de\/index.php?rest_route=\/wp\/v2\/pages\/156","targetHints":{"allow":["GET"]}}],"collection":[{"href":"https:\/\/www.smilla-designs.de\/index.php?rest_route=\/wp\/v2\/pages"}],"about":[{"href":"https:\/\/www.smilla-designs.de\/index.php?rest_route=\/wp\/v2\/types\/page"}],"author":[{"embeddable":true,"href":"https:\/\/www.smilla-designs.de\/index.php?rest_route=\/wp\/v2\/users\/1"}],"replies":[{"embeddable":true,"href":"https:\/\/www.smilla-designs.de\/index.php?rest_route=%2Fwp%2Fv2%2Fcomments&post=156"}],"version-history":[{"count":5,"href":"https:\/\/www.smilla-designs.de\/index.php?rest_route=\/wp\/v2\/pages\/156\/revisions"}],"predecessor-version":[{"id":430,"href":"https:\/\/www.smilla-designs.de\/index.php?rest_route=\/wp\/v2\/pages\/156\/revisions\/430"}],"wp:attachment":[{"href":"https:\/\/www.smilla-designs.de\/index.php?rest_route=%2Fwp%2Fv2%2Fmedia&parent=156"}],"curies":[{"name":"wp","href":"https:\/\/api.w.org\/{rel}","templated":true}]}}