{"id":150,"date":"2023-12-07T20:22:47","date_gmt":"2023-12-07T18:22:47","guid":{"rendered":"https:\/\/www.smilla-designs.de\/?page_id=150"},"modified":"2023-12-07T23:54:54","modified_gmt":"2023-12-07T21:54:54","slug":"zeichnung","status":"publish","type":"page","link":"https:\/\/www.smilla-designs.de\/?page_id=150","title":{"rendered":"Zeichnung"},"content":{"rendered":"\n<h2 class=\"wp-block-heading alignwide\">Freie Zeichnungen<\/h2>\n\n\n\n<p>Zeichnungen aus Kunstkursen, welche k\u00fcnstlerische Grundlagen vermitteln. Die Zeichnungen stellen klassische \u00dcbungen in Form von Aktzeichnungen und Stilleben, aber auch abstrakten Motiven und inneren Vorg\u00e4ngen dar.<\/p>\n\n\n\n<div style=\"height:29px\" aria-hidden=\"true\" class=\"wp-block-spacer\"><\/div>\n\n\n\n<h2 class=\"wp-block-heading alignwide\">Aktzeichnungen<\/h2>\n\n\n\n<figure class=\"wp-block-gallery alignwide has-nested-images columns-5 is-cropped wp-block-gallery-1 is-layout-flex wp-block-gallery-is-layout-flex\">\n<figure class=\"wp-block-image size-large\"><img loading=\"lazy\" decoding=\"async\" width=\"889\" height=\"1185\" data-id=\"285\" src=\"https:\/\/www.smilla-designs.de\/wordpress\/wp-content\/uploads\/2023\/12\/4B12217B-B9E2-4C7F-9DA5-5035E9E20ECE-edited.jpeg\" alt=\"\" class=\"wp-image-285\" srcset=\"https:\/\/www.smilla-designs.de\/wordpress\/wp-content\/uploads\/2023\/12\/4B12217B-B9E2-4C7F-9DA5-5035E9E20ECE-edited.jpeg 889w, https:\/\/www.smilla-designs.de\/wordpress\/wp-content\/uploads\/2023\/12\/4B12217B-B9E2-4C7F-9DA5-5035E9E20ECE-edited-225x300.jpeg 225w, https:\/\/www.smilla-designs.de\/wordpress\/wp-content\/uploads\/2023\/12\/4B12217B-B9E2-4C7F-9DA5-5035E9E20ECE-edited-768x1024.jpeg 768w\" sizes=\"auto, (max-width: 889px) 100vw, 889px\" \/><\/figure>\n\n\n\n<figure class=\"wp-block-image size-large\"><img loading=\"lazy\" decoding=\"async\" width=\"914\" height=\"1219\" data-id=\"284\" src=\"https:\/\/www.smilla-designs.de\/wordpress\/wp-content\/uploads\/2023\/12\/10C650B4-7221-4070-AB67-3C953F192954-edited-1.jpeg\" alt=\"\" class=\"wp-image-284\" srcset=\"https:\/\/www.smilla-designs.de\/wordpress\/wp-content\/uploads\/2023\/12\/10C650B4-7221-4070-AB67-3C953F192954-edited-1.jpeg 914w, https:\/\/www.smilla-designs.de\/wordpress\/wp-content\/uploads\/2023\/12\/10C650B4-7221-4070-AB67-3C953F192954-edited-1-225x300.jpeg 225w, https:\/\/www.smilla-designs.de\/wordpress\/wp-content\/uploads\/2023\/12\/10C650B4-7221-4070-AB67-3C953F192954-edited-1-768x1024.jpeg 768w\" sizes=\"auto, (max-width: 914px) 100vw, 914px\" \/><\/figure>\n\n\n\n<figure class=\"wp-block-image size-large\"><img loading=\"lazy\" decoding=\"async\" width=\"1484\" height=\"2226\" data-id=\"283\" src=\"https:\/\/www.smilla-designs.de\/wordpress\/wp-content\/uploads\/2023\/12\/59AE75F5-4218-46FC-97C1-B3B12C533CE7-edited-1.jpeg\" alt=\"\" class=\"wp-image-283\" srcset=\"https:\/\/www.smilla-designs.de\/wordpress\/wp-content\/uploads\/2023\/12\/59AE75F5-4218-46FC-97C1-B3B12C533CE7-edited-1.jpeg 1484w, https:\/\/www.smilla-designs.de\/wordpress\/wp-content\/uploads\/2023\/12\/59AE75F5-4218-46FC-97C1-B3B12C533CE7-edited-1-200x300.jpeg 200w, https:\/\/www.smilla-designs.de\/wordpress\/wp-content\/uploads\/2023\/12\/59AE75F5-4218-46FC-97C1-B3B12C533CE7-edited-1-683x1024.jpeg 683w, https:\/\/www.smilla-designs.de\/wordpress\/wp-content\/uploads\/2023\/12\/59AE75F5-4218-46FC-97C1-B3B12C533CE7-edited-1-768x1152.jpeg 768w, https:\/\/www.smilla-designs.de\/wordpress\/wp-content\/uploads\/2023\/12\/59AE75F5-4218-46FC-97C1-B3B12C533CE7-edited-1-1024x1536.jpeg 1024w, https:\/\/www.smilla-designs.de\/wordpress\/wp-content\/uploads\/2023\/12\/59AE75F5-4218-46FC-97C1-B3B12C533CE7-edited-1-1365x2048.jpeg 1365w\" sizes=\"auto, (max-width: 1484px) 100vw, 1484px\" \/><\/figure>\n\n\n\n<figure class=\"wp-block-image size-large\"><img loading=\"lazy\" decoding=\"async\" width=\"768\" height=\"1024\" data-id=\"275\" src=\"https:\/\/www.smilla-designs.de\/wordpress\/wp-content\/uploads\/2023\/12\/CBEE16CA-9A6A-4540-AB0F-0C65BA319B86-768x1024.jpeg\" alt=\"\" class=\"wp-image-275\" srcset=\"https:\/\/www.smilla-designs.de\/wordpress\/wp-content\/uploads\/2023\/12\/CBEE16CA-9A6A-4540-AB0F-0C65BA319B86-768x1024.jpeg 768w, https:\/\/www.smilla-designs.de\/wordpress\/wp-content\/uploads\/2023\/12\/CBEE16CA-9A6A-4540-AB0F-0C65BA319B86-225x300.jpeg 225w, https:\/\/www.smilla-designs.de\/wordpress\/wp-content\/uploads\/2023\/12\/CBEE16CA-9A6A-4540-AB0F-0C65BA319B86.jpeg 960w\" sizes=\"auto, (max-width: 768px) 100vw, 768px\" \/><\/figure>\n\n\n\n<figure class=\"wp-block-image size-large\"><img loading=\"lazy\" decoding=\"async\" width=\"800\" height=\"1280\" data-id=\"281\" src=\"https:\/\/www.smilla-designs.de\/wordpress\/wp-content\/uploads\/2023\/12\/965F5663-5BE4-466B-B95E-71FB54649BA7-edited.jpeg\" alt=\"\" class=\"wp-image-281\" srcset=\"https:\/\/www.smilla-designs.de\/wordpress\/wp-content\/uploads\/2023\/12\/965F5663-5BE4-466B-B95E-71FB54649BA7-edited.jpeg 800w, https:\/\/www.smilla-designs.de\/wordpress\/wp-content\/uploads\/2023\/12\/965F5663-5BE4-466B-B95E-71FB54649BA7-edited-188x300.jpeg 188w, https:\/\/www.smilla-designs.de\/wordpress\/wp-content\/uploads\/2023\/12\/965F5663-5BE4-466B-B95E-71FB54649BA7-edited-640x1024.jpeg 640w, https:\/\/www.smilla-designs.de\/wordpress\/wp-content\/uploads\/2023\/12\/965F5663-5BE4-466B-B95E-71FB54649BA7-edited-768x1229.jpeg 768w\" sizes=\"auto, (max-width: 800px) 100vw, 800px\" \/><\/figure>\n\n\n\n<figure class=\"wp-block-image size-large\"><img loading=\"lazy\" decoding=\"async\" width=\"768\" height=\"1024\" data-id=\"273\" src=\"https:\/\/www.smilla-designs.de\/wordpress\/wp-content\/uploads\/2023\/12\/C4CE3EFB-8B76-48FE-8346-C9BCC2408A90-768x1024.jpeg\" alt=\"\" class=\"wp-image-273\" srcset=\"https:\/\/www.smilla-designs.de\/wordpress\/wp-content\/uploads\/2023\/12\/C4CE3EFB-8B76-48FE-8346-C9BCC2408A90-768x1024.jpeg 768w, https:\/\/www.smilla-designs.de\/wordpress\/wp-content\/uploads\/2023\/12\/C4CE3EFB-8B76-48FE-8346-C9BCC2408A90-225x300.jpeg 225w, https:\/\/www.smilla-designs.de\/wordpress\/wp-content\/uploads\/2023\/12\/C4CE3EFB-8B76-48FE-8346-C9BCC2408A90-1152x1536.jpeg 1152w, https:\/\/www.smilla-designs.de\/wordpress\/wp-content\/uploads\/2023\/12\/C4CE3EFB-8B76-48FE-8346-C9BCC2408A90-1536x2048.jpeg 1536w, https:\/\/www.smilla-designs.de\/wordpress\/wp-content\/uploads\/2023\/12\/C4CE3EFB-8B76-48FE-8346-C9BCC2408A90.jpeg 1920w\" sizes=\"auto, (max-width: 768px) 100vw, 768px\" \/><\/figure>\n\n\n\n<figure class=\"wp-block-image size-large\"><img loading=\"lazy\" decoding=\"async\" width=\"773\" height=\"1024\" data-id=\"251\" src=\"https:\/\/www.smilla-designs.de\/wordpress\/wp-content\/uploads\/2023\/12\/IMG_8087-773x1024.jpg\" alt=\"\" class=\"wp-image-251\" srcset=\"https:\/\/www.smilla-designs.de\/wordpress\/wp-content\/uploads\/2023\/12\/IMG_8087-773x1024.jpg 773w, https:\/\/www.smilla-designs.de\/wordpress\/wp-content\/uploads\/2023\/12\/IMG_8087-226x300.jpg 226w, https:\/\/www.smilla-designs.de\/wordpress\/wp-content\/uploads\/2023\/12\/IMG_8087-768x1017.jpg 768w, https:\/\/www.smilla-designs.de\/wordpress\/wp-content\/uploads\/2023\/12\/IMG_8087.jpg 881w\" sizes=\"auto, (max-width: 773px) 100vw, 773px\" \/><\/figure>\n\n\n\n<figure class=\"wp-block-image size-large\"><img loading=\"lazy\" decoding=\"async\" width=\"768\" height=\"1024\" data-id=\"73\" src=\"https:\/\/www.smilla-designs.de\/wordpress\/wp-content\/uploads\/2023\/12\/IMG_7289-768x1024.jpg\" alt=\"\" class=\"wp-image-73\" srcset=\"https:\/\/www.smilla-designs.de\/wordpress\/wp-content\/uploads\/2023\/12\/IMG_7289-768x1024.jpg 768w, https:\/\/www.smilla-designs.de\/wordpress\/wp-content\/uploads\/2023\/12\/IMG_7289-225x300.jpg 225w, https:\/\/www.smilla-designs.de\/wordpress\/wp-content\/uploads\/2023\/12\/IMG_7289-1152x1536.jpg 1152w, https:\/\/www.smilla-designs.de\/wordpress\/wp-content\/uploads\/2023\/12\/IMG_7289-1536x2048.jpg 1536w, https:\/\/www.smilla-designs.de\/wordpress\/wp-content\/uploads\/2023\/12\/IMG_7289-1870x2493.jpg 1870w, https:\/\/www.smilla-designs.de\/wordpress\/wp-content\/uploads\/2023\/12\/IMG_7289-400x533.jpg 400w, https:\/\/www.smilla-designs.de\/wordpress\/wp-content\/uploads\/2023\/12\/IMG_7289-800x1067.jpg 800w, https:\/\/www.smilla-designs.de\/wordpress\/wp-content\/uploads\/2023\/12\/IMG_7289.jpg 1920w\" sizes=\"auto, (max-width: 768px) 100vw, 768px\" \/><\/figure>\n<\/figure>\n\n\n\n<div class=\"wp-block-columns alignwide is-layout-flex wp-container-core-columns-is-layout-28f84493 wp-block-columns-is-layout-flex\">\n<div class=\"wp-block-column is-layout-flow wp-block-column-is-layout-flow\">\n<figure class=\"wp-block-image size-large\"><img loading=\"lazy\" decoding=\"async\" width=\"1024\" height=\"723\" src=\"https:\/\/www.smilla-designs.de\/wordpress\/wp-content\/uploads\/2023\/12\/IMG_3917-1024x723.jpg\" alt=\"\" class=\"wp-image-254\" srcset=\"https:\/\/www.smilla-designs.de\/wordpress\/wp-content\/uploads\/2023\/12\/IMG_3917-1024x723.jpg 1024w, https:\/\/www.smilla-designs.de\/wordpress\/wp-content\/uploads\/2023\/12\/IMG_3917-300x212.jpg 300w, https:\/\/www.smilla-designs.de\/wordpress\/wp-content\/uploads\/2023\/12\/IMG_3917-768x542.jpg 768w, https:\/\/www.smilla-designs.de\/wordpress\/wp-content\/uploads\/2023\/12\/IMG_3917.jpg 1280w\" sizes=\"auto, (max-width: 1024px) 100vw, 1024px\" \/><\/figure>\n<\/div>\n\n\n\n<div class=\"wp-block-column is-layout-flow wp-block-column-is-layout-flow\">\n<figure class=\"wp-block-image size-large\"><img loading=\"lazy\" decoding=\"async\" width=\"1024\" height=\"742\" src=\"https:\/\/www.smilla-designs.de\/wordpress\/wp-content\/uploads\/2023\/12\/IMG_3920-1024x742.jpg\" alt=\"\" class=\"wp-image-255\" srcset=\"https:\/\/www.smilla-designs.de\/wordpress\/wp-content\/uploads\/2023\/12\/IMG_3920-1024x742.jpg 1024w, https:\/\/www.smilla-designs.de\/wordpress\/wp-content\/uploads\/2023\/12\/IMG_3920-300x217.jpg 300w, https:\/\/www.smilla-designs.de\/wordpress\/wp-content\/uploads\/2023\/12\/IMG_3920-768x556.jpg 768w, https:\/\/www.smilla-designs.de\/wordpress\/wp-content\/uploads\/2023\/12\/IMG_3920.jpg 1280w\" sizes=\"auto, (max-width: 1024px) 100vw, 1024px\" \/><\/figure>\n<\/div>\n<\/div>\n\n\n\n<div style=\"height:74px\" aria-hidden=\"true\" class=\"wp-block-spacer\"><\/div>\n\n\n\n<div style=\"height:100px\" aria-hidden=\"true\" class=\"wp-block-spacer\"><\/div>\n\n\n\n<h2 class=\"wp-block-heading alignwide\">Stilleben\/Abstrakte Zeichnungen<\/h2>\n\n\n\n<figure class=\"wp-block-gallery alignwide has-nested-images columns-default is-cropped wp-block-gallery-2 is-layout-flex wp-block-gallery-is-layout-flex\">\n<figure class=\"wp-block-image size-large\"><img loading=\"lazy\" decoding=\"async\" width=\"1730\" height=\"2306\" data-id=\"291\" src=\"https:\/\/www.smilla-designs.de\/wordpress\/wp-content\/uploads\/2023\/12\/CA16FC21-BE85-413B-8581-5FDF5D2FC41A-edited.jpeg\" alt=\"\" class=\"wp-image-291\" srcset=\"https:\/\/www.smilla-designs.de\/wordpress\/wp-content\/uploads\/2023\/12\/CA16FC21-BE85-413B-8581-5FDF5D2FC41A-edited.jpeg 1730w, https:\/\/www.smilla-designs.de\/wordpress\/wp-content\/uploads\/2023\/12\/CA16FC21-BE85-413B-8581-5FDF5D2FC41A-edited-225x300.jpeg 225w, https:\/\/www.smilla-designs.de\/wordpress\/wp-content\/uploads\/2023\/12\/CA16FC21-BE85-413B-8581-5FDF5D2FC41A-edited-768x1024.jpeg 768w, https:\/\/www.smilla-designs.de\/wordpress\/wp-content\/uploads\/2023\/12\/CA16FC21-BE85-413B-8581-5FDF5D2FC41A-edited-1152x1536.jpeg 1152w, https:\/\/www.smilla-designs.de\/wordpress\/wp-content\/uploads\/2023\/12\/CA16FC21-BE85-413B-8581-5FDF5D2FC41A-edited-1536x2048.jpeg 1536w\" sizes=\"auto, (max-width: 1730px) 100vw, 1730px\" \/><\/figure>\n\n\n\n<figure class=\"wp-block-image size-large\"><img loading=\"lazy\" decoding=\"async\" width=\"694\" height=\"1041\" data-id=\"286\" src=\"https:\/\/www.smilla-designs.de\/wordpress\/wp-content\/uploads\/2023\/12\/3EDAFDC8-8E63-471B-9C37-60D5FC45203C-edited.jpeg\" alt=\"\" class=\"wp-image-286\" srcset=\"https:\/\/www.smilla-designs.de\/wordpress\/wp-content\/uploads\/2023\/12\/3EDAFDC8-8E63-471B-9C37-60D5FC45203C-edited.jpeg 694w, https:\/\/www.smilla-designs.de\/wordpress\/wp-content\/uploads\/2023\/12\/3EDAFDC8-8E63-471B-9C37-60D5FC45203C-edited-200x300.jpeg 200w, https:\/\/www.smilla-designs.de\/wordpress\/wp-content\/uploads\/2023\/12\/3EDAFDC8-8E63-471B-9C37-60D5FC45203C-edited-683x1024.jpeg 683w\" sizes=\"auto, (max-width: 694px) 100vw, 694px\" \/><\/figure>\n\n\n\n<figure class=\"wp-block-image size-large\"><img loading=\"lazy\" decoding=\"async\" width=\"1745\" height=\"2327\" data-id=\"287\" src=\"https:\/\/www.smilla-designs.de\/wordpress\/wp-content\/uploads\/2023\/12\/23A6890F-7D98-4B99-8EB9-0120CE6DE585-edited.jpeg\" alt=\"\" class=\"wp-image-287\" srcset=\"https:\/\/www.smilla-designs.de\/wordpress\/wp-content\/uploads\/2023\/12\/23A6890F-7D98-4B99-8EB9-0120CE6DE585-edited.jpeg 1745w, https:\/\/www.smilla-designs.de\/wordpress\/wp-content\/uploads\/2023\/12\/23A6890F-7D98-4B99-8EB9-0120CE6DE585-edited-225x300.jpeg 225w, https:\/\/www.smilla-designs.de\/wordpress\/wp-content\/uploads\/2023\/12\/23A6890F-7D98-4B99-8EB9-0120CE6DE585-edited-768x1024.jpeg 768w, https:\/\/www.smilla-designs.de\/wordpress\/wp-content\/uploads\/2023\/12\/23A6890F-7D98-4B99-8EB9-0120CE6DE585-edited-1152x1536.jpeg 1152w, https:\/\/www.smilla-designs.de\/wordpress\/wp-content\/uploads\/2023\/12\/23A6890F-7D98-4B99-8EB9-0120CE6DE585-edited-1536x2048.jpeg 1536w\" sizes=\"auto, (max-width: 1745px) 100vw, 1745px\" \/><\/figure>\n\n\n\n<figure class=\"wp-block-image size-large\"><img loading=\"lazy\" decoding=\"async\" width=\"768\" height=\"1024\" data-id=\"256\" src=\"https:\/\/www.smilla-designs.de\/wordpress\/wp-content\/uploads\/2023\/12\/5BF19387-8A03-440E-B5C1-7B7A8495515F-768x1024.jpeg\" alt=\"\" class=\"wp-image-256\" srcset=\"https:\/\/www.smilla-designs.de\/wordpress\/wp-content\/uploads\/2023\/12\/5BF19387-8A03-440E-B5C1-7B7A8495515F-768x1024.jpeg 768w, https:\/\/www.smilla-designs.de\/wordpress\/wp-content\/uploads\/2023\/12\/5BF19387-8A03-440E-B5C1-7B7A8495515F-225x300.jpeg 225w, https:\/\/www.smilla-designs.de\/wordpress\/wp-content\/uploads\/2023\/12\/5BF19387-8A03-440E-B5C1-7B7A8495515F-1152x1536.jpeg 1152w, https:\/\/www.smilla-designs.de\/wordpress\/wp-content\/uploads\/2023\/12\/5BF19387-8A03-440E-B5C1-7B7A8495515F-1536x2048.jpeg 1536w, https:\/\/www.smilla-designs.de\/wordpress\/wp-content\/uploads\/2023\/12\/5BF19387-8A03-440E-B5C1-7B7A8495515F.jpeg 1920w\" sizes=\"auto, (max-width: 768px) 100vw, 768px\" \/><\/figure>\n\n\n\n<figure class=\"wp-block-image size-large\"><img loading=\"lazy\" decoding=\"async\" width=\"780\" height=\"1041\" data-id=\"288\" src=\"https:\/\/www.smilla-designs.de\/wordpress\/wp-content\/uploads\/2023\/12\/A6BD8BEE-5B89-44BE-AF78-24CE06F72242-edited.jpeg\" alt=\"\" class=\"wp-image-288\" srcset=\"https:\/\/www.smilla-designs.de\/wordpress\/wp-content\/uploads\/2023\/12\/A6BD8BEE-5B89-44BE-AF78-24CE06F72242-edited.jpeg 780w, https:\/\/www.smilla-designs.de\/wordpress\/wp-content\/uploads\/2023\/12\/A6BD8BEE-5B89-44BE-AF78-24CE06F72242-edited-225x300.jpeg 225w, https:\/\/www.smilla-designs.de\/wordpress\/wp-content\/uploads\/2023\/12\/A6BD8BEE-5B89-44BE-AF78-24CE06F72242-edited-767x1024.jpeg 767w, https:\/\/www.smilla-designs.de\/wordpress\/wp-content\/uploads\/2023\/12\/A6BD8BEE-5B89-44BE-AF78-24CE06F72242-edited-768x1025.jpeg 768w\" sizes=\"auto, (max-width: 780px) 100vw, 780px\" \/><\/figure>\n\n\n\n<figure class=\"wp-block-image size-large\"><img loading=\"lazy\" decoding=\"async\" width=\"705\" height=\"1024\" data-id=\"252\" src=\"https:\/\/www.smilla-designs.de\/wordpress\/wp-content\/uploads\/2023\/12\/IMG_8091-705x1024.jpg\" alt=\"\" class=\"wp-image-252\" srcset=\"https:\/\/www.smilla-designs.de\/wordpress\/wp-content\/uploads\/2023\/12\/IMG_8091-705x1024.jpg 705w, https:\/\/www.smilla-designs.de\/wordpress\/wp-content\/uploads\/2023\/12\/IMG_8091-207x300.jpg 207w, https:\/\/www.smilla-designs.de\/wordpress\/wp-content\/uploads\/2023\/12\/IMG_8091-768x1115.jpg 768w, https:\/\/www.smilla-designs.de\/wordpress\/wp-content\/uploads\/2023\/12\/IMG_8091.jpg 856w\" sizes=\"auto, (max-width: 705px) 100vw, 705px\" \/><\/figure>\n\n\n\n<figure class=\"wp-block-image size-large\"><img loading=\"lazy\" decoding=\"async\" width=\"694\" height=\"1041\" data-id=\"290\" src=\"https:\/\/www.smilla-designs.de\/wordpress\/wp-content\/uploads\/2023\/12\/69C6FFCA-01AE-427A-B05F-1CA9045C1C87-edited.jpeg\" alt=\"\" class=\"wp-image-290\" srcset=\"https:\/\/www.smilla-designs.de\/wordpress\/wp-content\/uploads\/2023\/12\/69C6FFCA-01AE-427A-B05F-1CA9045C1C87-edited.jpeg 694w, https:\/\/www.smilla-designs.de\/wordpress\/wp-content\/uploads\/2023\/12\/69C6FFCA-01AE-427A-B05F-1CA9045C1C87-edited-200x300.jpeg 200w, https:\/\/www.smilla-designs.de\/wordpress\/wp-content\/uploads\/2023\/12\/69C6FFCA-01AE-427A-B05F-1CA9045C1C87-edited-683x1024.jpeg 683w\" sizes=\"auto, (max-width: 694px) 100vw, 694px\" \/><\/figure>\n\n\n\n<figure class=\"wp-block-image size-large\"><img loading=\"lazy\" decoding=\"async\" width=\"721\" height=\"1024\" data-id=\"250\" src=\"https:\/\/www.smilla-designs.de\/wordpress\/wp-content\/uploads\/2023\/12\/IMG_8086-721x1024.jpg\" alt=\"\" class=\"wp-image-250\" srcset=\"https:\/\/www.smilla-designs.de\/wordpress\/wp-content\/uploads\/2023\/12\/IMG_8086-721x1024.jpg 721w, https:\/\/www.smilla-designs.de\/wordpress\/wp-content\/uploads\/2023\/12\/IMG_8086-211x300.jpg 211w, https:\/\/www.smilla-designs.de\/wordpress\/wp-content\/uploads\/2023\/12\/IMG_8086-768x1090.jpg 768w, https:\/\/www.smilla-designs.de\/wordpress\/wp-content\/uploads\/2023\/12\/IMG_8086.jpg 784w\" sizes=\"auto, (max-width: 721px) 100vw, 721px\" \/><\/figure>\n\n\n\n<figure class=\"wp-block-image size-large\"><img loading=\"lazy\" decoding=\"async\" width=\"842\" height=\"1123\" data-id=\"289\" src=\"https:\/\/www.smilla-designs.de\/wordpress\/wp-content\/uploads\/2023\/12\/75D2408B-A5AF-4DB9-9C7A-936BFE6F7ECD-edited.jpeg\" alt=\"\" class=\"wp-image-289\" srcset=\"https:\/\/www.smilla-designs.de\/wordpress\/wp-content\/uploads\/2023\/12\/75D2408B-A5AF-4DB9-9C7A-936BFE6F7ECD-edited.jpeg 842w, https:\/\/www.smilla-designs.de\/wordpress\/wp-content\/uploads\/2023\/12\/75D2408B-A5AF-4DB9-9C7A-936BFE6F7ECD-edited-225x300.jpeg 225w, https:\/\/www.smilla-designs.de\/wordpress\/wp-content\/uploads\/2023\/12\/75D2408B-A5AF-4DB9-9C7A-936BFE6F7ECD-edited-768x1024.jpeg 768w\" sizes=\"auto, (max-width: 842px) 100vw, 842px\" \/><\/figure>\n<\/figure>\n","protected":false},"excerpt":{"rendered":"<p>Freie Zeichnungen Zeichnungen aus Kunstkursen, welche k\u00fcnstlerische Grundlagen vermitteln. Die Zeichnungen stellen klassische \u00dcbungen in Form von Aktzeichnungen und Stilleben, aber auch abstrakten Motiven und inneren Vorg\u00e4ngen dar. Aktzeichnungen Stilleben\/Abstrakte Zeichnungen<\/p>\n","protected":false},"author":1,"featured_media":0,"parent":0,"menu_order":0,"comment_status":"closed","ping_status":"closed","template":"","meta":{"footnotes":""},"class_list":["post-150","page","type-page","status-publish","hentry"],"_links":{"self":[{"href":"https:\/\/www.smilla-designs.de\/index.php?rest_route=\/wp\/v2\/pages\/150","targetHints":{"allow":["GET"]}}],"collection":[{"href":"https:\/\/www.smilla-designs.de\/index.php?rest_route=\/wp\/v2\/pages"}],"about":[{"href":"https:\/\/www.smilla-designs.de\/index.php?rest_route=\/wp\/v2\/types\/page"}],"author":[{"embeddable":true,"href":"https:\/\/www.smilla-designs.de\/index.php?rest_route=\/wp\/v2\/users\/1"}],"replies":[{"embeddable":true,"href":"https:\/\/www.smilla-designs.de\/index.php?rest_route=%2Fwp%2Fv2%2Fcomments&post=150"}],"version-history":[{"count":3,"href":"https:\/\/www.smilla-designs.de\/index.php?rest_route=\/wp\/v2\/pages\/150\/revisions"}],"predecessor-version":[{"id":253,"href":"https:\/\/www.smilla-designs.de\/index.php?rest_route=\/wp\/v2\/pages\/150\/revisions\/253"}],"wp:attachment":[{"href":"https:\/\/www.smilla-designs.de\/index.php?rest_route=%2Fwp%2Fv2%2Fmedia&parent=150"}],"curies":[{"name":"wp","href":"https:\/\/api.w.org\/{rel}","templated":true}]}}