{"id":141,"date":"2023-12-07T22:00:28","date_gmt":"2023-12-07T20:00:28","guid":{"rendered":"https:\/\/www.smilla-designs.de\/?page_id=141"},"modified":"2023-12-07T22:01:02","modified_gmt":"2023-12-07T20:01:02","slug":"malerei","status":"publish","type":"page","link":"https:\/\/www.smilla-designs.de\/?page_id=141","title":{"rendered":"Malerei"},"content":{"rendered":"\n<h2 class=\"wp-block-heading alignwide\">Memento Mori<\/h2>\n\n\n\n<p>Zeit l\u00e4uft andauernd ab, strukturiert unser Leben und wird sehr unterschiedlich wahrgenommen. Wir haben uns im Semester mit Zeitkonzepten, Zeitabl\u00e4ufen im Alltag und mit der Dauer von k\u00fcnstlerischen Prozessen besch\u00e4ftigt. Es wurde auf unterschiedlichste Weise experimentiert, Strukturen von Erinnerungen wurden befragt und eigene Bildmotive zum Thema Zeit entwickelt.<\/p>\n\n\n\n<p>Das Thema &#8222;Zeit&#8220; wird anhand eines menschlichen K\u00f6rpers dargestellt. Hierbei habe Ich einen starken Kontrast zwischen der Morbidit\u00e4t des menschlichen Verwesungsprozesses und der \u00c4sthetik des weiblichen Akt gew\u00e4hlt.<\/p>\n\n\n\n<div style=\"height:100px\" aria-hidden=\"true\" class=\"wp-block-spacer\"><\/div>\n\n\n\n<h2 class=\"wp-block-heading alignwide\">Skizzen<\/h2>\n\n\n\n<figure class=\"wp-block-gallery alignwide has-nested-images columns-default is-cropped wp-block-gallery-1 is-layout-flex wp-block-gallery-is-layout-flex\">\n<figure class=\"wp-block-image size-large\"><img loading=\"lazy\" decoding=\"async\" width=\"1024\" height=\"667\" data-id=\"186\" src=\"https:\/\/www.smilla-designs.de\/wordpress\/wp-content\/uploads\/2023\/12\/Mal1-1024x667.jpeg\" alt=\"\" class=\"wp-image-186\" srcset=\"https:\/\/www.smilla-designs.de\/wordpress\/wp-content\/uploads\/2023\/12\/Mal1-1024x667.jpeg 1024w, https:\/\/www.smilla-designs.de\/wordpress\/wp-content\/uploads\/2023\/12\/Mal1-300x195.jpeg 300w, https:\/\/www.smilla-designs.de\/wordpress\/wp-content\/uploads\/2023\/12\/Mal1-768x500.jpeg 768w, https:\/\/www.smilla-designs.de\/wordpress\/wp-content\/uploads\/2023\/12\/Mal1-1536x1001.jpeg 1536w, https:\/\/www.smilla-designs.de\/wordpress\/wp-content\/uploads\/2023\/12\/Mal1.jpeg 2048w\" sizes=\"auto, (max-width: 1024px) 100vw, 1024px\" \/><\/figure>\n\n\n\n<figure class=\"wp-block-image size-large\"><img loading=\"lazy\" decoding=\"async\" width=\"1024\" height=\"768\" data-id=\"190\" src=\"https:\/\/www.smilla-designs.de\/wordpress\/wp-content\/uploads\/2023\/12\/Mal2-1024x768.jpeg\" alt=\"\" class=\"wp-image-190\" srcset=\"https:\/\/www.smilla-designs.de\/wordpress\/wp-content\/uploads\/2023\/12\/Mal2-1024x768.jpeg 1024w, https:\/\/www.smilla-designs.de\/wordpress\/wp-content\/uploads\/2023\/12\/Mal2-300x225.jpeg 300w, https:\/\/www.smilla-designs.de\/wordpress\/wp-content\/uploads\/2023\/12\/Mal2-768x576.jpeg 768w, https:\/\/www.smilla-designs.de\/wordpress\/wp-content\/uploads\/2023\/12\/Mal2-1536x1152.jpeg 1536w, https:\/\/www.smilla-designs.de\/wordpress\/wp-content\/uploads\/2023\/12\/Mal2.jpeg 2048w\" sizes=\"auto, (max-width: 1024px) 100vw, 1024px\" \/><\/figure>\n\n\n\n<figure class=\"wp-block-image size-large\"><img loading=\"lazy\" decoding=\"async\" width=\"1024\" height=\"690\" data-id=\"188\" src=\"https:\/\/www.smilla-designs.de\/wordpress\/wp-content\/uploads\/2023\/12\/Mal3-1024x690.jpeg\" alt=\"\" class=\"wp-image-188\" srcset=\"https:\/\/www.smilla-designs.de\/wordpress\/wp-content\/uploads\/2023\/12\/Mal3-1024x690.jpeg 1024w, https:\/\/www.smilla-designs.de\/wordpress\/wp-content\/uploads\/2023\/12\/Mal3-300x202.jpeg 300w, https:\/\/www.smilla-designs.de\/wordpress\/wp-content\/uploads\/2023\/12\/Mal3-768x517.jpeg 768w, https:\/\/www.smilla-designs.de\/wordpress\/wp-content\/uploads\/2023\/12\/Mal3-1536x1034.jpeg 1536w, https:\/\/www.smilla-designs.de\/wordpress\/wp-content\/uploads\/2023\/12\/Mal3.jpeg 2048w\" sizes=\"auto, (max-width: 1024px) 100vw, 1024px\" \/><\/figure>\n\n\n\n<figure class=\"wp-block-image size-large\"><img loading=\"lazy\" decoding=\"async\" width=\"1024\" height=\"690\" data-id=\"187\" src=\"https:\/\/www.smilla-designs.de\/wordpress\/wp-content\/uploads\/2023\/12\/Mal4-1024x690.jpeg\" alt=\"\" class=\"wp-image-187\" srcset=\"https:\/\/www.smilla-designs.de\/wordpress\/wp-content\/uploads\/2023\/12\/Mal4-1024x690.jpeg 1024w, https:\/\/www.smilla-designs.de\/wordpress\/wp-content\/uploads\/2023\/12\/Mal4-300x202.jpeg 300w, https:\/\/www.smilla-designs.de\/wordpress\/wp-content\/uploads\/2023\/12\/Mal4-768x517.jpeg 768w, https:\/\/www.smilla-designs.de\/wordpress\/wp-content\/uploads\/2023\/12\/Mal4-1536x1034.jpeg 1536w, https:\/\/www.smilla-designs.de\/wordpress\/wp-content\/uploads\/2023\/12\/Mal4.jpeg 2048w\" sizes=\"auto, (max-width: 1024px) 100vw, 1024px\" \/><\/figure>\n\n\n\n<figure class=\"wp-block-image size-large\"><img loading=\"lazy\" decoding=\"async\" width=\"1024\" height=\"674\" data-id=\"185\" src=\"https:\/\/www.smilla-designs.de\/wordpress\/wp-content\/uploads\/2023\/12\/Mal5-1024x674.jpeg\" alt=\"\" class=\"wp-image-185\" srcset=\"https:\/\/www.smilla-designs.de\/wordpress\/wp-content\/uploads\/2023\/12\/Mal5-1024x674.jpeg 1024w, https:\/\/www.smilla-designs.de\/wordpress\/wp-content\/uploads\/2023\/12\/Mal5-300x197.jpeg 300w, https:\/\/www.smilla-designs.de\/wordpress\/wp-content\/uploads\/2023\/12\/Mal5-768x505.jpeg 768w, https:\/\/www.smilla-designs.de\/wordpress\/wp-content\/uploads\/2023\/12\/Mal5-1536x1010.jpeg 1536w, https:\/\/www.smilla-designs.de\/wordpress\/wp-content\/uploads\/2023\/12\/Mal5.jpeg 2048w\" sizes=\"auto, (max-width: 1024px) 100vw, 1024px\" \/><\/figure>\n<\/figure>\n\n\n\n<div style=\"height:100px\" aria-hidden=\"true\" class=\"wp-block-spacer\"><\/div>\n\n\n\n<h2 class=\"wp-block-heading alignwide\">Details<\/h2>\n\n\n\n<figure class=\"wp-block-gallery alignwide has-nested-images columns-2 is-cropped wp-block-gallery-2 is-layout-flex wp-block-gallery-is-layout-flex\">\n<figure class=\"wp-block-image size-large\"><img loading=\"lazy\" decoding=\"async\" width=\"1024\" height=\"768\" data-id=\"189\" src=\"https:\/\/www.smilla-designs.de\/wordpress\/wp-content\/uploads\/2023\/12\/Mal6-1024x768.jpeg\" alt=\"\" class=\"wp-image-189\" srcset=\"https:\/\/www.smilla-designs.de\/wordpress\/wp-content\/uploads\/2023\/12\/Mal6-1024x768.jpeg 1024w, https:\/\/www.smilla-designs.de\/wordpress\/wp-content\/uploads\/2023\/12\/Mal6-300x225.jpeg 300w, https:\/\/www.smilla-designs.de\/wordpress\/wp-content\/uploads\/2023\/12\/Mal6-768x576.jpeg 768w, https:\/\/www.smilla-designs.de\/wordpress\/wp-content\/uploads\/2023\/12\/Mal6-1536x1152.jpeg 1536w, https:\/\/www.smilla-designs.de\/wordpress\/wp-content\/uploads\/2023\/12\/Mal6.jpeg 2048w\" sizes=\"auto, (max-width: 1024px) 100vw, 1024px\" \/><\/figure>\n\n\n\n<figure class=\"wp-block-image size-large\"><img loading=\"lazy\" decoding=\"async\" width=\"1024\" height=\"768\" data-id=\"192\" src=\"https:\/\/www.smilla-designs.de\/wordpress\/wp-content\/uploads\/2023\/12\/Mal7-1024x768.jpeg\" alt=\"\" class=\"wp-image-192\" srcset=\"https:\/\/www.smilla-designs.de\/wordpress\/wp-content\/uploads\/2023\/12\/Mal7-1024x768.jpeg 1024w, https:\/\/www.smilla-designs.de\/wordpress\/wp-content\/uploads\/2023\/12\/Mal7-300x225.jpeg 300w, https:\/\/www.smilla-designs.de\/wordpress\/wp-content\/uploads\/2023\/12\/Mal7-768x576.jpeg 768w, https:\/\/www.smilla-designs.de\/wordpress\/wp-content\/uploads\/2023\/12\/Mal7-1536x1152.jpeg 1536w, https:\/\/www.smilla-designs.de\/wordpress\/wp-content\/uploads\/2023\/12\/Mal7.jpeg 2048w\" sizes=\"auto, (max-width: 1024px) 100vw, 1024px\" \/><\/figure>\n\n\n\n<figure class=\"wp-block-image size-large\"><img loading=\"lazy\" decoding=\"async\" width=\"1024\" height=\"768\" data-id=\"193\" src=\"https:\/\/www.smilla-designs.de\/wordpress\/wp-content\/uploads\/2023\/12\/Mal8-1024x768.jpeg\" alt=\"\" class=\"wp-image-193\" srcset=\"https:\/\/www.smilla-designs.de\/wordpress\/wp-content\/uploads\/2023\/12\/Mal8-1024x768.jpeg 1024w, https:\/\/www.smilla-designs.de\/wordpress\/wp-content\/uploads\/2023\/12\/Mal8-300x225.jpeg 300w, https:\/\/www.smilla-designs.de\/wordpress\/wp-content\/uploads\/2023\/12\/Mal8-768x576.jpeg 768w, https:\/\/www.smilla-designs.de\/wordpress\/wp-content\/uploads\/2023\/12\/Mal8-1536x1152.jpeg 1536w, https:\/\/www.smilla-designs.de\/wordpress\/wp-content\/uploads\/2023\/12\/Mal8.jpeg 2048w\" sizes=\"auto, (max-width: 1024px) 100vw, 1024px\" \/><\/figure>\n<\/figure>\n\n\n\n<h2 class=\"wp-block-heading alignwide\">Gem\u00e4lde<\/h2>\n\n\n\n<p>Ma\u00dfe:<\/p>\n\n\n\n<p>links: 50x40cm                <\/p>\n\n\n\n<p> mitte: 110x70cm             <\/p>\n\n\n\n<p> rechts: 110x80cm<\/p>\n\n\n\n<p><\/p>\n\n\n\n<figure data-wp-context=\"{&quot;imageId&quot;:&quot;69da17438eace&quot;}\" data-wp-interactive=\"core\/image\" data-wp-key=\"69da17438eace\" class=\"wp-block-image alignfull size-full wp-lightbox-container\"><img loading=\"lazy\" decoding=\"async\" width=\"2048\" height=\"759\" data-wp-class--hide=\"state.isContentHidden\" data-wp-class--show=\"state.isContentVisible\" data-wp-init=\"callbacks.setButtonStyles\" data-wp-on--click=\"actions.showLightbox\" data-wp-on--load=\"callbacks.setButtonStyles\" data-wp-on-window--resize=\"callbacks.setButtonStyles\" src=\"https:\/\/www.smilla-designs.de\/wordpress\/wp-content\/uploads\/2023\/12\/Mal10.jpeg\" alt=\"\" class=\"wp-image-191\" srcset=\"https:\/\/www.smilla-designs.de\/wordpress\/wp-content\/uploads\/2023\/12\/Mal10.jpeg 2048w, https:\/\/www.smilla-designs.de\/wordpress\/wp-content\/uploads\/2023\/12\/Mal10-300x111.jpeg 300w, https:\/\/www.smilla-designs.de\/wordpress\/wp-content\/uploads\/2023\/12\/Mal10-1024x380.jpeg 1024w, https:\/\/www.smilla-designs.de\/wordpress\/wp-content\/uploads\/2023\/12\/Mal10-768x285.jpeg 768w, https:\/\/www.smilla-designs.de\/wordpress\/wp-content\/uploads\/2023\/12\/Mal10-1536x569.jpeg 1536w\" sizes=\"auto, (max-width: 2048px) 100vw, 2048px\" \/><button\n\t\t\tclass=\"lightbox-trigger\"\n\t\t\ttype=\"button\"\n\t\t\taria-haspopup=\"dialog\"\n\t\t\taria-label=\"Vergr\u00f6\u00dfern\"\n\t\t\tdata-wp-init=\"callbacks.initTriggerButton\"\n\t\t\tdata-wp-on--click=\"actions.showLightbox\"\n\t\t\tdata-wp-style--right=\"state.imageButtonRight\"\n\t\t\tdata-wp-style--top=\"state.imageButtonTop\"\n\t\t>\n\t\t\t<svg xmlns=\"http:\/\/www.w3.org\/2000\/svg\" width=\"12\" height=\"12\" fill=\"none\" viewBox=\"0 0 12 12\">\n\t\t\t\t<path fill=\"#fff\" d=\"M2 0a2 2 0 0 0-2 2v2h1.5V2a.5.5 0 0 1 .5-.5h2V0H2Zm2 10.5H2a.5.5 0 0 1-.5-.5V8H0v2a2 2 0 0 0 2 2h2v-1.5ZM8 12v-1.5h2a.5.5 0 0 0 .5-.5V8H12v2a2 2 0 0 1-2 2H8Zm2-12a2 2 0 0 1 2 2v2h-1.5V2a.5.5 0 0 0-.5-.5H8V0h2Z\" \/>\n\t\t\t<\/svg>\n\t\t<\/button><\/figure>\n","protected":false},"excerpt":{"rendered":"<p>Memento Mori Zeit l\u00e4uft andauernd ab, strukturiert unser Leben und wird sehr unterschiedlich wahrgenommen. Wir haben uns im Semester mit Zeitkonzepten, Zeitabl\u00e4ufen im Alltag und mit der Dauer von k\u00fcnstlerischen Prozessen besch\u00e4ftigt. Es wurde auf unterschiedlichste Weise experimentiert, Strukturen von Erinnerungen wurden befragt und eigene Bildmotive zum Thema Zeit entwickelt. Das Thema &#8222;Zeit&#8220; wird anhand [&hellip;]<\/p>\n","protected":false},"author":1,"featured_media":0,"parent":0,"menu_order":0,"comment_status":"closed","ping_status":"closed","template":"","meta":{"footnotes":""},"class_list":["post-141","page","type-page","status-publish","hentry"],"_links":{"self":[{"href":"https:\/\/www.smilla-designs.de\/index.php?rest_route=\/wp\/v2\/pages\/141","targetHints":{"allow":["GET"]}}],"collection":[{"href":"https:\/\/www.smilla-designs.de\/index.php?rest_route=\/wp\/v2\/pages"}],"about":[{"href":"https:\/\/www.smilla-designs.de\/index.php?rest_route=\/wp\/v2\/types\/page"}],"author":[{"embeddable":true,"href":"https:\/\/www.smilla-designs.de\/index.php?rest_route=\/wp\/v2\/users\/1"}],"replies":[{"embeddable":true,"href":"https:\/\/www.smilla-designs.de\/index.php?rest_route=%2Fwp%2Fv2%2Fcomments&post=141"}],"version-history":[{"count":4,"href":"https:\/\/www.smilla-designs.de\/index.php?rest_route=\/wp\/v2\/pages\/141\/revisions"}],"predecessor-version":[{"id":197,"href":"https:\/\/www.smilla-designs.de\/index.php?rest_route=\/wp\/v2\/pages\/141\/revisions\/197"}],"wp:attachment":[{"href":"https:\/\/www.smilla-designs.de\/index.php?rest_route=%2Fwp%2Fv2%2Fmedia&parent=141"}],"curies":[{"name":"wp","href":"https:\/\/api.w.org\/{rel}","templated":true}]}}