{"id":132,"date":"2023-12-08T01:48:51","date_gmt":"2023-12-07T23:48:51","guid":{"rendered":"https:\/\/www.smilla-designs.de\/?page_id=132"},"modified":"2023-12-08T03:12:06","modified_gmt":"2023-12-08T01:12:06","slug":"app","status":"publish","type":"page","link":"https:\/\/www.smilla-designs.de\/?page_id=132","title":{"rendered":"App"},"content":{"rendered":"\n<h2 class=\"wp-block-heading alignwide\">Trashsure<\/h2>\n\n\n\n<p>Im Kurs galt es eine App zu gestalten, welche auf eigens gew\u00e4hlten &#8222;Pain Points&#8220; basieren, die mithilfe der App gel\u00f6st werden sollen. Begleitend zur App wurden ein Poster, ein digitales Scrapbook und ein Teaser-Video erarbeitet.<\/p>\n\n\n\n<h2 class=\"wp-block-heading alignwide\">Pain Points<\/h2>\n\n\n\n<ul class=\"wp-block-list\">\n<li>Umweltverschmutzung nimmt immer st\u00e4rker zu<\/li>\n\n\n\n<li>M\u00fcll nimmt Platz weg und muss teuer entsorgt werden<\/li>\n\n\n\n<li>Verschwendung von noch brauchbaren und\/oder langlebigen Produkten<\/li>\n<\/ul>\n\n\n\n<p>Trashsure hilft dem Nutzer dabei seinem M\u00fcll eine zweite Chance zu geben und dabei kleine Sch\u00e4tze aus &#8222;M\u00fcll&#8220; zu schaffen.<\/p>\n\n\n\n<div style=\"height:100px\" aria-hidden=\"true\" class=\"wp-block-spacer\"><\/div>\n\n\n\n<h2 class=\"wp-block-heading alignwide\">Clickdummy<\/h2>\n\n\n\n<div class=\"wp-block-buttons is-layout-flex wp-block-buttons-is-layout-flex\">\n<div class=\"wp-block-button is-style-outline is-style-outline--1\"><a class=\"wp-block-button__link wp-element-button\" href=\"https:\/\/www.figma.com\/proto\/zQanxquMncLMFsh5wBCQbg\/Digitale-Medien-Finaler-Clickdummy?node-id=44-226&amp;scaling=scale-down&amp;page-id=0%3A1&amp;starting-point-node-id=44%3A226&amp;show-proto-sidebar=1\">Hier gehts zum Clickdummy!<\/a><\/div>\n<\/div>\n\n\n\n<div style=\"height:100px\" aria-hidden=\"true\" class=\"wp-block-spacer\"><\/div>\n\n\n\n<h2 class=\"wp-block-heading alignwide\">Poster<\/h2>\n\n\n\n<figure class=\"wp-block-image size-large\"><img loading=\"lazy\" decoding=\"async\" width=\"724\" height=\"1024\" src=\"https:\/\/www.smilla-designs.de\/wordpress\/wp-content\/uploads\/2023\/12\/389A3986-4AED-4993-BF38-74DD7BB5CF7B-1-724x1024.png\" alt=\"\" class=\"wp-image-243\" srcset=\"https:\/\/www.smilla-designs.de\/wordpress\/wp-content\/uploads\/2023\/12\/389A3986-4AED-4993-BF38-74DD7BB5CF7B-1-724x1024.png 724w, https:\/\/www.smilla-designs.de\/wordpress\/wp-content\/uploads\/2023\/12\/389A3986-4AED-4993-BF38-74DD7BB5CF7B-1-212x300.png 212w, https:\/\/www.smilla-designs.de\/wordpress\/wp-content\/uploads\/2023\/12\/389A3986-4AED-4993-BF38-74DD7BB5CF7B-1-768x1086.png 768w, https:\/\/www.smilla-designs.de\/wordpress\/wp-content\/uploads\/2023\/12\/389A3986-4AED-4993-BF38-74DD7BB5CF7B-1-1086x1536.png 1086w, https:\/\/www.smilla-designs.de\/wordpress\/wp-content\/uploads\/2023\/12\/389A3986-4AED-4993-BF38-74DD7BB5CF7B-1.png 1240w\" sizes=\"auto, (max-width: 724px) 100vw, 724px\" \/><\/figure>\n\n\n\n<div style=\"height:100px\" aria-hidden=\"true\" class=\"wp-block-spacer\"><\/div>\n\n\n\n<h2 class=\"wp-block-heading alignwide\">Icons<\/h2>\n\n\n\n<figure class=\"wp-block-video\"><video height=\"838\" style=\"aspect-ratio: 1280 \/ 838;\" width=\"1280\" controls src=\"https:\/\/www.smilla-designs.de\/wordpress\/wp-content\/uploads\/2023\/12\/Sequenz-03.mp4\"><\/video><\/figure>\n\n\n\n<figure class=\"wp-block-image size-large\"><img loading=\"lazy\" decoding=\"async\" width=\"1024\" height=\"305\" src=\"https:\/\/www.smilla-designs.de\/wordpress\/wp-content\/uploads\/2023\/12\/509413DA-696F-4038-B1D0-91B82302D0E6-1024x305.png\" alt=\"\" class=\"wp-image-342\" srcset=\"https:\/\/www.smilla-designs.de\/wordpress\/wp-content\/uploads\/2023\/12\/509413DA-696F-4038-B1D0-91B82302D0E6-1024x305.png 1024w, https:\/\/www.smilla-designs.de\/wordpress\/wp-content\/uploads\/2023\/12\/509413DA-696F-4038-B1D0-91B82302D0E6-300x89.png 300w, https:\/\/www.smilla-designs.de\/wordpress\/wp-content\/uploads\/2023\/12\/509413DA-696F-4038-B1D0-91B82302D0E6-768x229.png 768w, https:\/\/www.smilla-designs.de\/wordpress\/wp-content\/uploads\/2023\/12\/509413DA-696F-4038-B1D0-91B82302D0E6.png 1280w\" sizes=\"auto, (max-width: 1024px) 100vw, 1024px\" \/><\/figure>\n\n\n\n<div style=\"height:100px\" aria-hidden=\"true\" class=\"wp-block-spacer\"><\/div>\n\n\n\n<h2 class=\"wp-block-heading alignwide\">Teaservideo<\/h2>\n\n\n\n<div style=\"height:60px\" aria-hidden=\"true\" class=\"wp-block-spacer\"><\/div>\n\n\n\n<figure class=\"wp-block-embed alignwide is-type-video is-provider-youtube wp-block-embed-youtube wp-embed-aspect-16-9 wp-has-aspect-ratio\"><div class=\"wp-block-embed__wrapper\">\n<iframe loading=\"lazy\" title=\"Smilla, Heidmann:AppTeaserDigitaleMedien\" width=\"500\" height=\"281\" src=\"https:\/\/www.youtube.com\/embed\/cJXlgrZuqCI?feature=oembed\" frameborder=\"0\" allow=\"accelerometer; autoplay; clipboard-write; encrypted-media; gyroscope; picture-in-picture; web-share\" referrerpolicy=\"strict-origin-when-cross-origin\" allowfullscreen><\/iframe>\n<\/div><\/figure>\n","protected":false},"excerpt":{"rendered":"<p>Trashsure Im Kurs galt es eine App zu gestalten, welche auf eigens gew\u00e4hlten &#8222;Pain Points&#8220; basieren, die mithilfe der App gel\u00f6st werden sollen. Begleitend zur App wurden ein Poster, ein digitales Scrapbook und ein Teaser-Video erarbeitet. Pain Points Trashsure hilft dem Nutzer dabei seinem M\u00fcll eine zweite Chance zu geben und dabei kleine Sch\u00e4tze aus [&hellip;]<\/p>\n","protected":false},"author":1,"featured_media":0,"parent":0,"menu_order":0,"comment_status":"closed","ping_status":"closed","template":"","meta":{"footnotes":""},"class_list":["post-132","page","type-page","status-publish","hentry"],"_links":{"self":[{"href":"https:\/\/www.smilla-designs.de\/index.php?rest_route=\/wp\/v2\/pages\/132","targetHints":{"allow":["GET"]}}],"collection":[{"href":"https:\/\/www.smilla-designs.de\/index.php?rest_route=\/wp\/v2\/pages"}],"about":[{"href":"https:\/\/www.smilla-designs.de\/index.php?rest_route=\/wp\/v2\/types\/page"}],"author":[{"embeddable":true,"href":"https:\/\/www.smilla-designs.de\/index.php?rest_route=\/wp\/v2\/users\/1"}],"replies":[{"embeddable":true,"href":"https:\/\/www.smilla-designs.de\/index.php?rest_route=%2Fwp%2Fv2%2Fcomments&post=132"}],"version-history":[{"count":4,"href":"https:\/\/www.smilla-designs.de\/index.php?rest_route=\/wp\/v2\/pages\/132\/revisions"}],"predecessor-version":[{"id":352,"href":"https:\/\/www.smilla-designs.de\/index.php?rest_route=\/wp\/v2\/pages\/132\/revisions\/352"}],"wp:attachment":[{"href":"https:\/\/www.smilla-designs.de\/index.php?rest_route=%2Fwp%2Fv2%2Fmedia&parent=132"}],"curies":[{"name":"wp","href":"https:\/\/api.w.org\/{rel}","templated":true}]}}