{"id":129,"date":"2023-12-08T01:04:57","date_gmt":"2023-12-07T23:04:57","guid":{"rendered":"https:\/\/www.smilla-designs.de\/?page_id=129"},"modified":"2023-12-08T01:04:57","modified_gmt":"2023-12-07T23:04:57","slug":"lasercat","status":"publish","type":"page","link":"https:\/\/www.smilla-designs.de\/?page_id=129","title":{"rendered":"Lasercat"},"content":{"rendered":"\n<h2 class=\"wp-block-heading alignwide\">Lasercat<\/h2>\n\n\n\n<p>Von der Idee und Konzeption, \u00fcber die Gestaltung, bis hin zur eigenst\u00e4ndigen Programmierung galt es ein Spiel f\u00fcr einen Arcade Automaten zu entwerfen.<\/p>\n\n\n\n<p>Lasercat ist ein simpler 2D Shooter im Pixellook. Das Ziel ist es die verschiedenen Monster mittels Laserschuss davon abzuhalten das Bett zu erreichen. Dabei gilt es mindestens 30 Punkte zu erreichen, um die Nacht zu \u00fcberstehen und ein gutes Ende freizuschalten.<\/p>\n\n\n\n<h2 class=\"wp-block-heading alignwide\">Link und Controls zum selber spielen<\/h2>\n\n\n\n<p>Spieltasten: <\/p>\n\n\n\n<p>Y = Start\/N\u00e4chster Screen<\/p>\n\n\n\n<p>X = Schie\u00dfen\/Nochmal spielen<\/p>\n\n\n\n<div class=\"wp-block-buttons is-layout-flex wp-block-buttons-is-layout-flex\">\n<div class=\"wp-block-button is-style-outline is-style-outline--1\"><a class=\"wp-block-button__link wp-element-button\" href=\"https:\/\/editor.p5js.org\/schmillsen\/full\/UAASiNQ9q\">Hier geht&#8217;s zum Spiel!<\/a><\/div>\n<\/div>\n\n\n\n<h2 class=\"wp-block-heading alignwide\">Intro<\/h2>\n\n\n\n<figure class=\"wp-block-video\"><video height=\"2048\" style=\"aspect-ratio: 1364 \/ 2048;\" width=\"1364\" controls src=\"https:\/\/www.smilla-designs.de\/wordpress\/wp-content\/uploads\/2023\/12\/Sequenz-01_1.mp4\"><\/video><\/figure>\n\n\n\n<div style=\"height:38px\" aria-hidden=\"true\" class=\"wp-block-spacer\"><\/div>\n\n\n\n<h2 class=\"wp-block-heading alignwide\">Figuren\/Spielelemente<\/h2>\n\n\n\n<div class=\"wp-block-columns alignwide is-layout-flex wp-container-core-columns-is-layout-28f84493 wp-block-columns-is-layout-flex\">\n<div class=\"wp-block-column is-layout-flow wp-block-column-is-layout-flow\">\n<figure class=\"wp-block-image size-full\"><img loading=\"lazy\" decoding=\"async\" width=\"262\" height=\"134\" src=\"https:\/\/www.smilla-designs.de\/wordpress\/wp-content\/uploads\/2023\/12\/Laser3-2.png\" alt=\"\" class=\"wp-image-318\"\/><\/figure>\n<\/div>\n\n\n\n<div class=\"wp-block-column is-layout-flow wp-block-column-is-layout-flow\">\n<figure class=\"wp-block-image size-full\"><img loading=\"lazy\" decoding=\"async\" width=\"358\" height=\"192\" src=\"https:\/\/www.smilla-designs.de\/wordpress\/wp-content\/uploads\/2023\/12\/Laser2-1.png\" alt=\"\" class=\"wp-image-319\" srcset=\"https:\/\/www.smilla-designs.de\/wordpress\/wp-content\/uploads\/2023\/12\/Laser2-1.png 358w, https:\/\/www.smilla-designs.de\/wordpress\/wp-content\/uploads\/2023\/12\/Laser2-1-300x161.png 300w\" sizes=\"auto, (max-width: 358px) 100vw, 358px\" \/><\/figure>\n<\/div>\n\n\n\n<div class=\"wp-block-column is-layout-flow wp-block-column-is-layout-flow\">\n<figure class=\"wp-block-image size-full\"><img loading=\"lazy\" decoding=\"async\" width=\"234\" height=\"298\" src=\"https:\/\/www.smilla-designs.de\/wordpress\/wp-content\/uploads\/2023\/12\/Laser1-1.png\" alt=\"\" class=\"wp-image-320\"\/><\/figure>\n<\/div>\n<\/div>\n\n\n\n<div class=\"wp-block-columns is-layout-flex wp-container-core-columns-is-layout-28f84493 wp-block-columns-is-layout-flex\">\n<div class=\"wp-block-column is-layout-flow wp-block-column-is-layout-flow\">\n<figure class=\"wp-block-image size-full\"><img loading=\"lazy\" decoding=\"async\" width=\"172\" height=\"168\" src=\"https:\/\/www.smilla-designs.de\/wordpress\/wp-content\/uploads\/2023\/12\/Laser5-1.png\" alt=\"\" class=\"wp-image-321\"\/><\/figure>\n<\/div>\n\n\n\n<div class=\"wp-block-column is-layout-flow wp-block-column-is-layout-flow\">\n<figure class=\"wp-block-image size-full\"><img loading=\"lazy\" decoding=\"async\" width=\"254\" height=\"246\" src=\"https:\/\/www.smilla-designs.de\/wordpress\/wp-content\/uploads\/2023\/12\/Laser6-1.png\" alt=\"\" class=\"wp-image-322\"\/><\/figure>\n<\/div>\n<\/div>\n\n\n\n<figure class=\"wp-block-image size-large is-resized\"><img loading=\"lazy\" decoding=\"async\" width=\"1080\" height=\"1080\" src=\"https:\/\/www.smilla-designs.de\/wordpress\/wp-content\/uploads\/2023\/12\/Laser7-1-edited.png\" alt=\"\" class=\"wp-image-324\" style=\"width:613px;height:auto\" srcset=\"https:\/\/www.smilla-designs.de\/wordpress\/wp-content\/uploads\/2023\/12\/Laser7-1-edited.png 1080w, https:\/\/www.smilla-designs.de\/wordpress\/wp-content\/uploads\/2023\/12\/Laser7-1-edited-300x300.png 300w, https:\/\/www.smilla-designs.de\/wordpress\/wp-content\/uploads\/2023\/12\/Laser7-1-edited-1024x1024.png 1024w, https:\/\/www.smilla-designs.de\/wordpress\/wp-content\/uploads\/2023\/12\/Laser7-1-edited-150x150.png 150w, https:\/\/www.smilla-designs.de\/wordpress\/wp-content\/uploads\/2023\/12\/Laser7-1-edited-768x768.png 768w\" sizes=\"auto, (max-width: 1080px) 100vw, 1080px\" \/><\/figure>\n\n\n\n<h2 class=\"wp-block-heading alignwide\">Endings<\/h2>\n\n\n\n<div class=\"wp-block-columns alignwide is-layout-flex wp-container-core-columns-is-layout-28f84493 wp-block-columns-is-layout-flex\">\n<div class=\"wp-block-column is-layout-flow wp-block-column-is-layout-flow\">\n<figure class=\"wp-block-image size-large\"><img loading=\"lazy\" decoding=\"async\" width=\"768\" height=\"1024\" src=\"https:\/\/www.smilla-designs.de\/wordpress\/wp-content\/uploads\/2023\/12\/8340851E-3369-44B5-BCEB-BA5536645A8A-1-768x1024.jpeg\" alt=\"\" class=\"wp-image-325\" srcset=\"https:\/\/www.smilla-designs.de\/wordpress\/wp-content\/uploads\/2023\/12\/8340851E-3369-44B5-BCEB-BA5536645A8A-1-768x1024.jpeg 768w, https:\/\/www.smilla-designs.de\/wordpress\/wp-content\/uploads\/2023\/12\/8340851E-3369-44B5-BCEB-BA5536645A8A-1-225x300.jpeg 225w, https:\/\/www.smilla-designs.de\/wordpress\/wp-content\/uploads\/2023\/12\/8340851E-3369-44B5-BCEB-BA5536645A8A-1.jpeg 960w\" sizes=\"auto, (max-width: 768px) 100vw, 768px\" \/><\/figure>\n<\/div>\n\n\n\n<div class=\"wp-block-column is-layout-flow wp-block-column-is-layout-flow\">\n<figure class=\"wp-block-image size-large\"><img loading=\"lazy\" decoding=\"async\" width=\"768\" height=\"1024\" src=\"https:\/\/www.smilla-designs.de\/wordpress\/wp-content\/uploads\/2023\/12\/BCC4610A-4DE5-4908-83AF-27A2173EDB0E-768x1024.jpeg\" alt=\"\" class=\"wp-image-326\" srcset=\"https:\/\/www.smilla-designs.de\/wordpress\/wp-content\/uploads\/2023\/12\/BCC4610A-4DE5-4908-83AF-27A2173EDB0E-768x1024.jpeg 768w, https:\/\/www.smilla-designs.de\/wordpress\/wp-content\/uploads\/2023\/12\/BCC4610A-4DE5-4908-83AF-27A2173EDB0E-225x300.jpeg 225w, https:\/\/www.smilla-designs.de\/wordpress\/wp-content\/uploads\/2023\/12\/BCC4610A-4DE5-4908-83AF-27A2173EDB0E.jpeg 960w\" sizes=\"auto, (max-width: 768px) 100vw, 768px\" \/><\/figure>\n<\/div>\n<\/div>\n","protected":false},"excerpt":{"rendered":"<p>Lasercat Von der Idee und Konzeption, \u00fcber die Gestaltung, bis hin zur eigenst\u00e4ndigen Programmierung galt es ein Spiel f\u00fcr einen Arcade Automaten zu entwerfen. Lasercat ist ein simpler 2D Shooter im Pixellook. Das Ziel ist es die verschiedenen Monster mittels Laserschuss davon abzuhalten das Bett zu erreichen. Dabei gilt es mindestens 30 Punkte zu erreichen, [&hellip;]<\/p>\n","protected":false},"author":1,"featured_media":0,"parent":0,"menu_order":0,"comment_status":"closed","ping_status":"closed","template":"","meta":{"footnotes":""},"class_list":["post-129","page","type-page","status-publish","hentry"],"_links":{"self":[{"href":"https:\/\/www.smilla-designs.de\/index.php?rest_route=\/wp\/v2\/pages\/129","targetHints":{"allow":["GET"]}}],"collection":[{"href":"https:\/\/www.smilla-designs.de\/index.php?rest_route=\/wp\/v2\/pages"}],"about":[{"href":"https:\/\/www.smilla-designs.de\/index.php?rest_route=\/wp\/v2\/types\/page"}],"author":[{"embeddable":true,"href":"https:\/\/www.smilla-designs.de\/index.php?rest_route=\/wp\/v2\/users\/1"}],"replies":[{"embeddable":true,"href":"https:\/\/www.smilla-designs.de\/index.php?rest_route=%2Fwp%2Fv2%2Fcomments&post=129"}],"version-history":[{"count":3,"href":"https:\/\/www.smilla-designs.de\/index.php?rest_route=\/wp\/v2\/pages\/129\/revisions"}],"predecessor-version":[{"id":328,"href":"https:\/\/www.smilla-designs.de\/index.php?rest_route=\/wp\/v2\/pages\/129\/revisions\/328"}],"wp:attachment":[{"href":"https:\/\/www.smilla-designs.de\/index.php?rest_route=%2Fwp%2Fv2%2Fmedia&parent=129"}],"curies":[{"name":"wp","href":"https:\/\/api.w.org\/{rel}","templated":true}]}}