{"id":123,"date":"2023-12-08T00:25:23","date_gmt":"2023-12-07T22:25:23","guid":{"rendered":"https:\/\/www.smilla-designs.de\/?page_id=123"},"modified":"2023-12-08T21:33:25","modified_gmt":"2023-12-08T19:33:25","slug":"nippelplakat","status":"publish","type":"page","link":"https:\/\/www.smilla-designs.de\/?page_id=123","title":{"rendered":"NippelPlakat"},"content":{"rendered":"\n<h2 class=\"wp-block-heading alignwide\">&#8222;W\u00e4re es nicht sch\u00f6n&#8230;?&#8220;<\/h2>\n\n\n\n<p>&#8222;W\u00e4re es nicht sch\u00f6n&#8230;?&#8220;. Auf ein Thema aufmerksam machen ist das Ziel von Plakaten und die Aufgabe der Designer*innen in der Visuellen Kommunikation. Die Studierenden entwarfen Plakate zur vorgegebenen Headline und erarbeiteten f\u00fcr sie gesellschaftlich relevante Themen. Die Plakate sind animiert und k\u00f6nnen mit der kostenlosen Artivive App zum Leben erweckt werden.<\/p>\n\n\n\n<p>Das Plakat besch\u00e4ftigt sich mit der \u00dcbersexualisierung und der Stigmatisierung von weiblichen Nippeln und gibt hierbei die sarkastische L\u00f6sung &#8222;all nipples are men nipples&#8220; vor.                            Die Digitale Erweiterung spielt hierbei auf den tats\u00e4chlich kaum erkennbaren Unterschied zwishen &#8222;Frauen- und M\u00e4nnernippeln&#8220; an und zeigt so die Absurdit\u00e4t der Thematik auf.<\/p>\n\n\n\n<div style=\"height:76px\" aria-hidden=\"true\" class=\"wp-block-spacer\"><\/div>\n\n\n\n<div class=\"wp-block-columns alignfull is-layout-flex wp-container-core-columns-is-layout-28f84493 wp-block-columns-is-layout-flex\">\n<div class=\"wp-block-column is-layout-flow wp-block-column-is-layout-flow\">\n<figure class=\"wp-block-image alignright size-large is-resized\"><img loading=\"lazy\" decoding=\"async\" width=\"888\" height=\"1024\" src=\"https:\/\/www.smilla-designs.de\/wordpress\/wp-content\/uploads\/2023\/12\/Screenshot-98-888x1024.png\" alt=\"\" class=\"wp-image-305\" style=\"width:898px;height:auto\" srcset=\"https:\/\/www.smilla-designs.de\/wordpress\/wp-content\/uploads\/2023\/12\/Screenshot-98-888x1024.png 888w, https:\/\/www.smilla-designs.de\/wordpress\/wp-content\/uploads\/2023\/12\/Screenshot-98-260x300.png 260w, https:\/\/www.smilla-designs.de\/wordpress\/wp-content\/uploads\/2023\/12\/Screenshot-98-768x885.png 768w, https:\/\/www.smilla-designs.de\/wordpress\/wp-content\/uploads\/2023\/12\/Screenshot-98.png 1158w\" sizes=\"auto, (max-width: 888px) 100vw, 888px\" \/><\/figure>\n<\/div>\n\n\n\n<div class=\"wp-block-column is-layout-flow wp-block-column-is-layout-flow\">\n<figure class=\"wp-block-image alignleft size-large\"><img loading=\"lazy\" decoding=\"async\" width=\"721\" height=\"1024\" src=\"https:\/\/www.smilla-designs.de\/wordpress\/wp-content\/uploads\/2023\/12\/Screenshot-92-721x1024.png\" alt=\"\" class=\"wp-image-59\" srcset=\"https:\/\/www.smilla-designs.de\/wordpress\/wp-content\/uploads\/2023\/12\/Screenshot-92-721x1024.png 721w, https:\/\/www.smilla-designs.de\/wordpress\/wp-content\/uploads\/2023\/12\/Screenshot-92-211x300.png 211w, https:\/\/www.smilla-designs.de\/wordpress\/wp-content\/uploads\/2023\/12\/Screenshot-92-768x1091.png 768w, https:\/\/www.smilla-designs.de\/wordpress\/wp-content\/uploads\/2023\/12\/Screenshot-92-400x568.png 400w, https:\/\/www.smilla-designs.de\/wordpress\/wp-content\/uploads\/2023\/12\/Screenshot-92-800x1137.png 800w, https:\/\/www.smilla-designs.de\/wordpress\/wp-content\/uploads\/2023\/12\/Screenshot-92.png 953w\" sizes=\"auto, (max-width: 721px) 100vw, 721px\" \/><\/figure>\n<\/div>\n<\/div>\n\n\n\n<div style=\"height:100px\" aria-hidden=\"true\" class=\"wp-block-spacer\"><\/div>\n\n\n\n<h2 class=\"wp-block-heading alignwide\">Artivive Animation<\/h2>\n\n\n\n<p><\/p>\n\n\n\n<figure class=\"wp-block-embed is-type-video is-provider-vimeo wp-block-embed-vimeo\"><div class=\"wp-block-embed__wrapper\">\n<iframe loading=\"lazy\" title=\"SmillaPrePressFinal01\" src=\"https:\/\/player.vimeo.com\/video\/843677281?dnt=1&amp;app_id=122963\" width=\"500\" height=\"707\" frameborder=\"0\" allow=\"autoplay; fullscreen; picture-in-picture; clipboard-write\"><\/iframe>\n<\/div><\/figure>\n\n\n\n<div style=\"height:80px\" aria-hidden=\"true\" class=\"wp-block-spacer\"><\/div>\n\n\n\n<h2 class=\"wp-block-heading alignwide\">Mockups<\/h2>\n\n\n\n<p><a href=\"https:\/\/de.freepik.com\/freie-psd\/a3-poster-mockup_6627869.htm#query=poster%20street&amp;position=19&amp;from_view=search&amp;track=ais&amp;uuid=97c422e5-a9fd-4e8e-93e7-91483c683024\">Bild von yeven_popov<\/a> auf Freepik<\/p>\n","protected":false},"excerpt":{"rendered":"<p>&#8222;W\u00e4re es nicht sch\u00f6n&#8230;?&#8220; &#8222;W\u00e4re es nicht sch\u00f6n&#8230;?&#8220;. Auf ein Thema aufmerksam machen ist das Ziel von Plakaten und die Aufgabe der Designer*innen in der Visuellen Kommunikation. Die Studierenden entwarfen Plakate zur vorgegebenen Headline und erarbeiteten f\u00fcr sie gesellschaftlich relevante Themen. Die Plakate sind animiert und k\u00f6nnen mit der kostenlosen Artivive App zum Leben erweckt [&hellip;]<\/p>\n","protected":false},"author":1,"featured_media":0,"parent":0,"menu_order":0,"comment_status":"closed","ping_status":"closed","template":"","meta":{"footnotes":""},"class_list":["post-123","page","type-page","status-publish","hentry"],"_links":{"self":[{"href":"https:\/\/www.smilla-designs.de\/index.php?rest_route=\/wp\/v2\/pages\/123","targetHints":{"allow":["GET"]}}],"collection":[{"href":"https:\/\/www.smilla-designs.de\/index.php?rest_route=\/wp\/v2\/pages"}],"about":[{"href":"https:\/\/www.smilla-designs.de\/index.php?rest_route=\/wp\/v2\/types\/page"}],"author":[{"embeddable":true,"href":"https:\/\/www.smilla-designs.de\/index.php?rest_route=\/wp\/v2\/users\/1"}],"replies":[{"embeddable":true,"href":"https:\/\/www.smilla-designs.de\/index.php?rest_route=%2Fwp%2Fv2%2Fcomments&post=123"}],"version-history":[{"count":6,"href":"https:\/\/www.smilla-designs.de\/index.php?rest_route=\/wp\/v2\/pages\/123\/revisions"}],"predecessor-version":[{"id":462,"href":"https:\/\/www.smilla-designs.de\/index.php?rest_route=\/wp\/v2\/pages\/123\/revisions\/462"}],"wp:attachment":[{"href":"https:\/\/www.smilla-designs.de\/index.php?rest_route=%2Fwp%2Fv2%2Fmedia&parent=123"}],"curies":[{"name":"wp","href":"https:\/\/api.w.org\/{rel}","templated":true}]}}